{"id":7135,"date":"2023-11-28T07:09:43","date_gmt":"2023-11-28T06:09:43","guid":{"rendered":"https:\/\/avgs-gutschein.de\/impressum\/"},"modified":"2024-10-18T04:59:22","modified_gmt":"2024-10-18T02:59:22","slug":"odcisk","status":"publish","type":"page","link":"https:\/\/avgs-gutschein.de\/pl\/odcisk\/","title":{"rendered":"odcisk"},"content":{"rendered":"<p>[et_pb_section fb_built=&#8221;1&#8243; _builder_version=&#8221;4.23.1&#8243; _module_preset=&#8221;default&#8221; background_image=&#8221;https:\/\/avgs-gutschein.de\/wp-content\/uploads\/2023\/11\/impressum-bg-image.webp&#8221; background_position=&#8221;top_center&#8221; custom_padding=&#8221;22vw||10.5vw||false|false&#8221; global_colors_info=&#8221;{}&#8221;][et_pb_row disabled_on=&#8221;off|off|off&#8221; _builder_version=&#8221;4.23.1&#8243; _module_preset=&#8221;default&#8221; global_colors_info=&#8221;{}&#8221;][et_pb_column type=&#8221;4_4&#8243; _builder_version=&#8221;4.23.1&#8243; _module_preset=&#8221;default&#8221; global_colors_info=&#8221;{}&#8221;][et_pb_text disabled_on=&#8221;on|on|on&#8221; module_class=&#8221;gray-font header-sub-text&#8221; _builder_version=&#8221;4.23.1&#8243; _module_preset=&#8221;default&#8221; text_font=&#8221;|700|||||||&#8221; text_text_color=&#8221;#FFFFFF&#8221; text_orientation=&#8221;center&#8221; disabled=&#8221;on&#8221; global_colors_info=&#8221;{}&#8221;]Kompetent. Erfahren. Empathisch.[\/et_pb_text][\/et_pb_column][\/et_pb_row][\/et_pb_section][et_pb_section fb_built=&#8221;1&#8243; _builder_version=&#8221;4.23.1&#8243; _module_preset=&#8221;default&#8221; global_colors_info=&#8221;{}&#8221;][et_pb_row _builder_version=&#8221;4.23.1&#8243; _module_preset=&#8221;default&#8221; global_colors_info=&#8221;{}&#8221;][et_pb_column type=&#8221;4_4&#8243; _builder_version=&#8221;4.23.1&#8243; _module_preset=&#8221;default&#8221; global_colors_info=&#8221;{}&#8221;][et_pb_text module_class=&#8221;avgs-font &#8221; _builder_version=&#8221;4.27.2&#8243; _module_preset=&#8221;default&#8221; text_font_size=&#8221;50px&#8221; header_font=&#8221;|800|||||||&#8221; header_text_align=&#8221;left&#8221; header_font_size=&#8221;45px&#8221; hover_enabled=&#8221;0&#8243; global_colors_info=&#8221;{}&#8221; sticky_enabled=&#8221;0&#8243;]<\/p>\n<h1 class=\"red-font\"><span class=\"gray-font\"> <\/span> Odcisk<\/h1>\n<p>[\/et_pb_text][et_pb_text module_class=&#8221;gray-font normal-p&#8221; _builder_version=&#8221;4.27.2&#8243; _module_preset=&#8221;default&#8221; hover_enabled=&#8221;0&#8243; global_colors_info=&#8221;{}&#8221; sticky_enabled=&#8221;0&#8243;]<\/p>\n<h2>Informacje zgodnie z rozdzia\u0142em 5 TMG<\/h2>\n<p>Beratungsgesellschaft M. Willkomm mbH<br \/>\nTheodor-Haubach-Weg 2<br \/>\n21684 Stade<\/p>\n<p>reprezentowany przez: Michael Willkomm<\/p>\n<h3>Kontakt<\/h3>\n<p>Telefon:\u00a0<a title=\"AVGS Coaching Berlin jetzt kontaktieren\" href=\"tel:+494141776155\">(04141) 776155<\/a><br \/>\nE-Mail <a href=\"mailto:info@beratungsgesellschaft-willkomm.de\">info(@)beratungsgesellschaft-willkomm.de<\/a><\/p>\n<p>Beratunggesellschaft M. Willkomm mbH |\u00a0Sitz: Stade | Amtsgericht Tostedt | HRA 20366<\/p>\n<p>Reprezentacja: Dyrektor Zarz\u0105dzaj\u0105cy: Michael Willkomm<\/p>\n<p>Numer podatkowy: 43\/206\/55167<\/p>\n<h3>Zastrze\u017cenie<\/h3>\n<h5>Odpowiedzialno\u015b\u0107 za tre\u015b\u0107<\/h5>\n<p>Jako us\u0142ugodawca jeste\u015bmy odpowiedzialni za w\u0142asne tre\u015bci na tych stronach zgodnie z og\u00f3lnymi przepisami prawa zgodnie z \u00a7 7 ust. 1 TMG. Jednak\u017ce zgodnie z \u00a7\u00a7 8 do 10 TMG jako us\u0142ugodawca nie jeste\u015bmy zobowi\u0105zani do monitorowania przekazywanych lub przechowywanych informacji os\u00f3b trzecich ani do badania okoliczno\u015bci wskazuj\u0105cych na nielegaln\u0105 dzia\u0142alno\u015b\u0107. Obowi\u0105zek usuni\u0119cia lub zablokowania wykorzystania informacji zgodnie z og\u00f3lnymi przepisami prawa pozostaje nienaruszony. Odpowiedzialno\u015b\u0107 w tym zakresie mo\u017cliwa jest jednak dopiero od momentu poznania konkretnego naruszenia prawa. Je\u015bli dowiemy si\u0119 o odpowiednich naruszeniach prawa, natychmiast usuniemy te tre\u015bci.<\/p>\n<h5>Odpowiedzialno\u015b\u0107 za linki<\/h5>\n<p>W naszej ofercie znajduj\u0105 si\u0119 linki do zewn\u0119trznych stron internetowych podmiot\u00f3w trzecich, na kt\u00f3rych tre\u015b\u0107 nie mamy wp\u0142ywu. Dlatego nie mo\u017cemy ponosi\u0107 \u017cadnej odpowiedzialno\u015bci za te tre\u015bci zewn\u0119trzne. Za tre\u015b\u0107 stron, do kt\u00f3rych prowadz\u0105 linki, zawsze odpowiada odpowiedni dostawca lub operator stron. W momencie linkowania strony, do kt\u00f3rych prowadz\u0105 linki, zosta\u0142y sprawdzone pod k\u0105tem ewentualnych narusze\u0144 prawa. Nielegalne tre\u015bci nie by\u0142y widoczne w momencie \u0142\u0105czenia. Jednak\u017ce sta\u0142a kontrola tre\u015bci stron, do kt\u00f3rych prowadz\u0105 linki, jest nieuzasadniona bez konkretnych dowod\u00f3w naruszenia prawa. Je\u015bli dowiemy si\u0119 o jakichkolwiek naruszeniach prawa, natychmiast usuniemy takie linki.<\/p>\n<h5>prawo autorskie<\/h5>\n<p>Tre\u015bci i dzie\u0142a na tych stronach stworzone przez operator\u00f3w witryn podlegaj\u0105 niemieckiemu prawu autorskiemu. Powielanie, przetwarzanie, rozpowszechnianie i wszelkiego rodzaju wykorzystywanie wykraczaj\u0105ce poza granice prawa autorskiego wymaga pisemnej zgody danego autora lub tw\u00f3rcy. Pobieranie i kopiowanie tej strony jest dozwolone wy\u0142\u0105cznie do u\u017cytku prywatnego, niekomercyjnego. Je\u017celi tre\u015bci znajduj\u0105ce si\u0119 na tej stronie nie zosta\u0142y stworzone przez operatora, respektowane s\u0105 prawa autorskie os\u00f3b trzecich. W szczeg\u00f3lno\u015bci tre\u015bci os\u00f3b trzecich s\u0105 jako takie oznaczone. Je\u015bli mimo to dowiesz si\u0119 o naruszeniu praw autorskich, prosimy o odpowiednie powiadomienie nas. Je\u015bli dowiemy si\u0119 o jakichkolwiek naruszeniach prawa, natychmiast usuniemy takie tre\u015bci.<\/p>\n<p><strong>Internetowe rozstrzyganie spor\u00f3w zgodnie z art. 14 ust. 1 ODR-VO<\/strong>: Komisja Europejska udost\u0119pnia platform\u0119 do internetowego rozstrzygania spor\u00f3w (OS), kt\u00f3r\u0105 mo\u017cna znale\u017a\u0107 pod adresem\u00a0<a href=\"http:\/\/ec.europa.eu\/consumers\/odr\/\">http:\/\/ec.europa.eu\/consumers\/odr\/<\/a>\u00a0znajdowa\u0107.<\/p>\n<p>Nasz adres e-mail mo\u017cna znale\u017a\u0107 w powy\u017cszej informacji prawnej.<\/p>\n<p>\u0179r\u00f3d\u0142a: Zastrze\u017cenie eRecht24, portalu po\u015bwi\u0119conego prawu internetowemu, sporz\u0105dzone przez prawnika S\u00f6rena Sieberta<\/p>\n<p>&nbsp;<\/p>\n<p>Niniejsza informacja prawna dotyczy r\u00f3wnie\u017c nast\u0119puj\u0105cych platform medi\u00f3w spo\u0142eczno\u015bciowych:<\/p>\n<p><a target=\"_blank\" href=\"https:\/\/www.facebook.com\/beratungsgesellschaftwillkomm\" rel=\"noopener noreferrer\">https:\/\/www.facebook.com\/beratungsgesellschaftwillkomm<\/a><\/p>\n<p><a target=\"_blank\" href=\"https:\/\/www.linkedin.com\/company\/beratungsgesellschaftwillkomm\" rel=\"noopener noreferrer\">https:\/\/www.linkedin.com\/company\/beratungsgesellschaftwillkomm<\/a><\/p>\n<p><a target=\"_blank\" href=\"https:\/\/www.xing.com\/companies\/beratungsgesellschaftm.willkomm%26mbh%26co.kg\" rel=\"noopener noreferrer\">https:\/\/www.xing.com\/pages\/beratungsgesellschaftm-willkomm-mbh-co-kg<\/a><\/p>\n<p>tam uzupe\u0142niony przez osob\u0119 odpowiedzialn\u0105 za tre\u015b\u0107 dziennikarsko-redakcyjn\u0105.[\/et_pb_text][\/et_pb_column][\/et_pb_row][\/et_pb_section][et_pb_section fb_built=&#8221;1&#8243; _builder_version=&#8221;4.24.0&#8243; _module_preset=&#8221;default&#8221; background_image=&#8221;https:\/\/avgs-gutschein.de\/wp-content\/uploads\/2024\/01\/Footer_Contact.webp&#8221; parallax=&#8221;on&#8221; parallax_method=&#8221;off&#8221; custom_padding=&#8221;100px||150px||false|false&#8221; global_colors_info=&#8221;{}&#8221;][et_pb_row _builder_version=&#8221;4.23.1&#8243; _module_preset=&#8221;default&#8221; background_color=&#8221;rgba(255,255,255,0.83)&#8221; transform_translate_linked=&#8221;off&#8221; z_index=&#8221;9&#8243; max_width=&#8221;800px&#8221; custom_padding=&#8221;||||false|false&#8221; border_radii=&#8221;on|5px|5px|5px|5px&#8221; global_colors_info=&#8221;{}&#8221;][et_pb_column type=&#8221;4_4&#8243; _builder_version=&#8221;4.23.1&#8243; _module_preset=&#8221;default&#8221; global_colors_info=&#8221;{}&#8221;][et_pb_blurb title=&#8221;Czy masz pytania dotycz\u0105ce finansowania AVGS?&#8221; use_icon=&#8221;on&#8221; font_icon=&#8221;&#x77;||divi||400&#8243; icon_color=&#8221;#cd222a&#8221; content_max_width=&#8221;100%&#8221; module_class=&#8221;avgs-h2 gray-font&#8221; _builder_version=&#8221;4.27.2&#8243; _module_preset=&#8221;default&#8221; header_level=&#8221;h2&#8243; header_font=&#8221;||||||||&#8221; header_text_align=&#8221;center&#8221; hover_enabled=&#8221;0&#8243; global_colors_info=&#8221;{}&#8221; sticky_enabled=&#8221;0&#8243;][\/et_pb_blurb][et_pb_button button_url=&#8221;\/pl\/kontakt&#8221; button_text=&#8221;Kontakt&#8221; button_alignment=&#8221;center&#8221; _builder_version=&#8221;4.27.2&#8243; _module_preset=&#8221;default&#8221; custom_button=&#8221;on&#8221; button_text_color=&#8221;#cd222a&#8221; button_border_width=&#8221;1px&#8221; button_use_icon=&#8221;off&#8221; hover_enabled=&#8221;0&#8243; global_colors_info=&#8221;{}&#8221; sticky_enabled=&#8221;0&#8243;][\/et_pb_button][\/et_pb_column][\/et_pb_row][\/et_pb_section]<\/p>\n","protected":false},"excerpt":{"rendered":"<p>Kompetent. Erfahren. Empathisch. OdciskInformacje zgodnie z rozdzia\u0142em 5 TMG Beratungsgesellschaft M. Willkomm mbH Theodor-Haubach-Weg 2 21684 Stade reprezentowany przez: Michael Willkomm Kontakt Telefon:\u00a0(04141) 776155 E-Mail info(@)beratungsgesellschaft-willkomm.de Beratunggesellschaft M. Willkomm mbH |\u00a0Sitz: Stade | Amtsgericht Tostedt | HRA 20366 Reprezentacja: Dyrektor Zarz\u0105dzaj\u0105cy: Michael Willkomm Numer podatkowy: 43\/206\/55167 Zastrze\u017cenie Odpowiedzialno\u015b\u0107 za tre\u015b\u0107 Jako us\u0142ugodawca jeste\u015bmy odpowiedzialni za [&hellip;]<\/p>\n","protected":false},"author":1,"featured_media":0,"parent":0,"menu_order":0,"comment_status":"closed","ping_status":"closed","template":"","meta":{"_et_pb_use_builder":"on","_et_pb_old_content":"","_et_gb_content_width":"","footnotes":""},"class_list":["post-7135","page","type-page","status-publish","hentry"],"yoast_head":"<!-- This site is optimized with the Yoast SEO plugin v26.0 - https:\/\/yoast.com\/wordpress\/plugins\/seo\/ -->\n<title>odcisk - AVGS Gutschein<\/title>\n<meta name=\"robots\" content=\"noindex, follow\" \/>\n<meta property=\"og:locale\" content=\"pl_PL\" \/>\n<meta property=\"og:type\" content=\"article\" \/>\n<meta property=\"og:title\" content=\"odcisk - AVGS Gutschein\" \/>\n<meta property=\"og:description\" content=\"Kompetent. Erfahren. Empathisch. OdciskInformacje zgodnie z rozdzia\u0142em 5 TMG Beratungsgesellschaft M. Willkomm mbH Theodor-Haubach-Weg 2 21684 Stade reprezentowany przez: Michael Willkomm Kontakt Telefon:\u00a0(04141) 776155 E-Mail info(@)beratungsgesellschaft-willkomm.de Beratunggesellschaft M. Willkomm mbH |\u00a0Sitz: Stade | Amtsgericht Tostedt | HRA 20366 Reprezentacja: Dyrektor Zarz\u0105dzaj\u0105cy: Michael Willkomm Numer podatkowy: 43\/206\/55167 Zastrze\u017cenie Odpowiedzialno\u015b\u0107 za tre\u015b\u0107 Jako us\u0142ugodawca jeste\u015bmy odpowiedzialni za [&hellip;]\" \/>\n<meta property=\"og:url\" content=\"https:\/\/avgs-gutschein.de\/pl\/odcisk\/\" \/>\n<meta property=\"og:site_name\" content=\"AVGS Gutschein\" \/>\n<meta property=\"article:modified_time\" content=\"2024-10-18T02:59:22+00:00\" \/>\n<meta name=\"twitter:card\" content=\"summary_large_image\" \/>\n<meta name=\"twitter:label1\" content=\"Szacowany czas czytania\" \/>\n\t<meta name=\"twitter:data1\" content=\"3 minuty\" \/>\n<script type=\"application\/ld+json\" class=\"yoast-schema-graph\">{\"@context\":\"https:\/\/schema.org\",\"@graph\":[{\"@type\":\"WebPage\",\"@id\":\"https:\/\/avgs-gutschein.de\/pl\/odcisk\/\",\"url\":\"https:\/\/avgs-gutschein.de\/pl\/odcisk\/\",\"name\":\"odcisk - AVGS Gutschein\",\"isPartOf\":{\"@id\":\"https:\/\/avgs-gutschein.de\/pl\/#website\"},\"datePublished\":\"2023-11-28T06:09:43+00:00\",\"dateModified\":\"2024-10-18T02:59:22+00:00\",\"breadcrumb\":{\"@id\":\"https:\/\/avgs-gutschein.de\/pl\/odcisk\/#breadcrumb\"},\"inLanguage\":\"pl-PL\",\"potentialAction\":[{\"@type\":\"ReadAction\",\"target\":[\"https:\/\/avgs-gutschein.de\/pl\/odcisk\/\"]}]},{\"@type\":\"BreadcrumbList\",\"@id\":\"https:\/\/avgs-gutschein.de\/pl\/odcisk\/#breadcrumb\",\"itemListElement\":[{\"@type\":\"ListItem\",\"position\":1,\"name\":\"Startseite\",\"item\":\"https:\/\/avgs-gutschein.de\/pl\/\"},{\"@type\":\"ListItem\",\"position\":2,\"name\":\"odcisk\"}]},{\"@type\":\"WebSite\",\"@id\":\"https:\/\/avgs-gutschein.de\/pl\/#website\",\"url\":\"https:\/\/avgs-gutschein.de\/pl\/\",\"name\":\"AVGS Gutschein\",\"description\":\"\",\"potentialAction\":[{\"@type\":\"SearchAction\",\"target\":{\"@type\":\"EntryPoint\",\"urlTemplate\":\"https:\/\/avgs-gutschein.de\/pl\/?s={search_term_string}\"},\"query-input\":{\"@type\":\"PropertyValueSpecification\",\"valueRequired\":true,\"valueName\":\"search_term_string\"}}],\"inLanguage\":\"pl-PL\"}]}<\/script>\n<!-- \/ Yoast SEO plugin. -->","yoast_head_json":{"title":"odcisk - AVGS Gutschein","robots":{"index":"noindex","follow":"follow"},"og_locale":"pl_PL","og_type":"article","og_title":"odcisk - AVGS Gutschein","og_description":"Kompetent. Erfahren. Empathisch. OdciskInformacje zgodnie z rozdzia\u0142em 5 TMG Beratungsgesellschaft M. Willkomm mbH Theodor-Haubach-Weg 2 21684 Stade reprezentowany przez: Michael Willkomm Kontakt Telefon:\u00a0(04141) 776155 E-Mail info(@)beratungsgesellschaft-willkomm.de Beratunggesellschaft M. Willkomm mbH |\u00a0Sitz: Stade | Amtsgericht Tostedt | HRA 20366 Reprezentacja: Dyrektor Zarz\u0105dzaj\u0105cy: Michael Willkomm Numer podatkowy: 43\/206\/55167 Zastrze\u017cenie Odpowiedzialno\u015b\u0107 za tre\u015b\u0107 Jako us\u0142ugodawca jeste\u015bmy odpowiedzialni za [&hellip;]","og_url":"https:\/\/avgs-gutschein.de\/pl\/odcisk\/","og_site_name":"AVGS Gutschein","article_modified_time":"2024-10-18T02:59:22+00:00","twitter_card":"summary_large_image","twitter_misc":{"Szacowany czas czytania":"3 minuty"},"schema":{"@context":"https:\/\/schema.org","@graph":[{"@type":"WebPage","@id":"https:\/\/avgs-gutschein.de\/pl\/odcisk\/","url":"https:\/\/avgs-gutschein.de\/pl\/odcisk\/","name":"odcisk - AVGS Gutschein","isPartOf":{"@id":"https:\/\/avgs-gutschein.de\/pl\/#website"},"datePublished":"2023-11-28T06:09:43+00:00","dateModified":"2024-10-18T02:59:22+00:00","breadcrumb":{"@id":"https:\/\/avgs-gutschein.de\/pl\/odcisk\/#breadcrumb"},"inLanguage":"pl-PL","potentialAction":[{"@type":"ReadAction","target":["https:\/\/avgs-gutschein.de\/pl\/odcisk\/"]}]},{"@type":"BreadcrumbList","@id":"https:\/\/avgs-gutschein.de\/pl\/odcisk\/#breadcrumb","itemListElement":[{"@type":"ListItem","position":1,"name":"Startseite","item":"https:\/\/avgs-gutschein.de\/pl\/"},{"@type":"ListItem","position":2,"name":"odcisk"}]},{"@type":"WebSite","@id":"https:\/\/avgs-gutschein.de\/pl\/#website","url":"https:\/\/avgs-gutschein.de\/pl\/","name":"AVGS Gutschein","description":"","potentialAction":[{"@type":"SearchAction","target":{"@type":"EntryPoint","urlTemplate":"https:\/\/avgs-gutschein.de\/pl\/?s={search_term_string}"},"query-input":{"@type":"PropertyValueSpecification","valueRequired":true,"valueName":"search_term_string"}}],"inLanguage":"pl-PL"}]}},"_links":{"self":[{"href":"https:\/\/avgs-gutschein.de\/pl\/wp-json\/wp\/v2\/pages\/7135","targetHints":{"allow":["GET"]}}],"collection":[{"href":"https:\/\/avgs-gutschein.de\/pl\/wp-json\/wp\/v2\/pages"}],"about":[{"href":"https:\/\/avgs-gutschein.de\/pl\/wp-json\/wp\/v2\/types\/page"}],"author":[{"embeddable":true,"href":"https:\/\/avgs-gutschein.de\/pl\/wp-json\/wp\/v2\/users\/1"}],"replies":[{"embeddable":true,"href":"https:\/\/avgs-gutschein.de\/pl\/wp-json\/wp\/v2\/comments?post=7135"}],"version-history":[{"count":4,"href":"https:\/\/avgs-gutschein.de\/pl\/wp-json\/wp\/v2\/pages\/7135\/revisions"}],"predecessor-version":[{"id":7143,"href":"https:\/\/avgs-gutschein.de\/pl\/wp-json\/wp\/v2\/pages\/7135\/revisions\/7143"}],"wp:attachment":[{"href":"https:\/\/avgs-gutschein.de\/pl\/wp-json\/wp\/v2\/media?parent=7135"}],"curies":[{"name":"wp","href":"https:\/\/api.w.org\/{rel}","templated":true}]}}