{"id":6450,"date":"2024-01-25T08:41:11","date_gmt":"2024-01-25T07:41:11","guid":{"rendered":"https:\/\/avgs-gutschein.de\/christine-geiersbach\/"},"modified":"2025-10-07T09:13:52","modified_gmt":"2025-10-07T07:13:52","slug":"christine-geiersbach","status":"publish","type":"page","link":"https:\/\/avgs-gutschein.de\/pl\/nasi-trenerzy\/christine-geiersbach\/","title":{"rendered":"Christine Geiersbach"},"content":{"rendered":"<p>[et_pb_section fb_built=&#8221;1&#8243; module_class=&#8221;coaches-img&#8221; _builder_version=&#8221;4.24.0&#8243; _module_preset=&#8221;default&#8221; background_color=&#8221;#e0e0e0&#8243; custom_padding=&#8221;0px||0px||true|false&#8221; global_colors_info=&#8221;{}&#8221;][et_pb_row column_structure=&#8221;2_5,3_5&#8243; use_custom_gutter=&#8221;on&#8221; make_equal=&#8221;on&#8221; _builder_version=&#8221;4.24.0&#8243; _module_preset=&#8221;default&#8221; custom_padding=&#8221;0px||0px||true|false&#8221; global_colors_info=&#8221;{}&#8221;][et_pb_column type=&#8221;2_5&#8243; _builder_version=&#8221;4.24.0&#8243; _module_preset=&#8221;default&#8221; background_image=&#8221;https:\/\/avgs-gutschein.de\/wp-content\/uploads\/2024\/01\/Christine_Geiersbach_prof_pic.webp&#8221; background_position=&#8221;top_center&#8221; custom_padding_tablet=&#8221;38vw||38vw||true|false&#8221; custom_padding_phone=&#8221;38vw||38vw||true|false&#8221; custom_padding_last_edited=&#8221;on|tablet&#8221; global_colors_info=&#8221;{}&#8221;][\/et_pb_column][et_pb_column type=&#8221;3_5&#8243; _builder_version=&#8221;4.23.1&#8243; _module_preset=&#8221;default&#8221; custom_padding=&#8221;3vw||3vw||true|false&#8221; custom_padding_tablet=&#8221;3vw||3vw||true|false&#8221; custom_padding_phone=&#8221;8vw||10vw||false|false&#8221; custom_padding_last_edited=&#8221;on|phone&#8221; global_colors_info=&#8221;{}&#8221;][et_pb_text _builder_version=&#8221;4.24.0&#8243; _module_preset=&#8221;default&#8221; header_font=&#8221;|800|||||||&#8221; header_text_color=&#8221;#000000&#8243; global_colors_info=&#8221;{}&#8221;]<\/p>\n<h1>Christine Geiersbach<\/h1>\n<p>[\/et_pb_text][et_pb_text module_class=&#8221;sub-prof&#8221; _builder_version=&#8221;4.27.2&#8243; _module_preset=&#8221;default&#8221; text_text_color=&#8221;#000000&#8243; global_colors_info=&#8221;{}&#8221;]<\/p>\n<div class=\"coach-desc\">\n<p><strong>Produkt:<\/strong> Coaching pracy, doradztwo na start<\/p>\n<hr \/>\n<p><strong>J\u0119zyk(i) coachingu: <\/strong>niemiecki<\/p>\n<hr \/>\n<p><strong>Szkolenia\/certyfikaty coachingowe: <\/strong>Konsultant systemowy i coach wed\u0142ug St. Gallen Coaching Model (CTAS), konsultant systemowy (Akademia Campus Naturalis), Wywiady metod\u0105 Rogersa (Gr\u00fcne Sch\u00fcle), LINC Personality Profiler<\/p>\n<hr \/>\n<p><strong>Do\u015bwiadczenie bran\u017cowe: <\/strong>Doradztwo\/coaching, us\u0142ugi<\/p>\n<\/div>\n<p>[\/et_pb_text][et_pb_button button_url=&#8221;\/pl\/nasi-trenerzy\/christine-geiersbach\/#kontakt-christine&#8221; button_text=&#8221;Zarezerwuj wst\u0119pn\u0105 konsultacj\u0119&#8221; _builder_version=&#8221;4.27.2&#8243; _module_preset=&#8221;default&#8221; custom_button=&#8221;on&#8221; button_text_size=&#8221;16px&#8221; button_text_color=&#8221;#ffffff&#8221; button_bg_color=&#8221;#cd222a&#8221; button_border_width=&#8221;0px&#8221; button_border_color=&#8221;#FFFFFF&#8221; global_colors_info=&#8221;{}&#8221;][\/et_pb_button][\/et_pb_column][\/et_pb_row][\/et_pb_section][et_pb_section fb_built=&#8221;1&#8243; _builder_version=&#8221;4.23.1&#8243; _module_preset=&#8221;default&#8221; global_colors_info=&#8221;{}&#8221;][et_pb_row column_structure=&#8221;2_3,1_3&#8243; use_custom_gutter=&#8221;on&#8221; make_equal=&#8221;on&#8221; _builder_version=&#8221;4.23.1&#8243; _module_preset=&#8221;default&#8221; global_colors_info=&#8221;{}&#8221;][et_pb_column type=&#8221;2_3&#8243; _builder_version=&#8221;4.23.1&#8243; _module_preset=&#8221;default&#8221; custom_padding=&#8221;|3vw|||false|false&#8221; border_width_right=&#8221;1px&#8221; border_color_right=&#8221;#cd222a&#8221; global_colors_info=&#8221;{}&#8221;][et_pb_text module_class=&#8221;prof-question&#8221; _builder_version=&#8221;4.27.2&#8243; _module_preset=&#8221;default&#8221; text_text_color=&#8221;#cd222a&#8221; text_font_size=&#8221;24px&#8221; global_colors_info=&#8221;{}&#8221;]1. Co kwalifikuje Ci\u0119 jako coacha\/trenera?[\/et_pb_text][et_pb_text module_class=&#8221;prof-answer&#8221; _builder_version=&#8221;4.27.2&#8243; _module_preset=&#8221;default&#8221; text_font=&#8221;|300|||||||&#8221; text_font_size=&#8221;18px&#8221; text_line_height=&#8221;2em&#8221; global_colors_info=&#8221;{}&#8221;]M\u00f3j ciep\u0142y i empatyczny spos\u00f3b post\u0119powania z lud\u017ami! Dodatkowo moje studia z zakresu edukacji spo\u0142ecznej i organizacyjnej zako\u0144czone tytu\u0142em Master of Business Administration, dalsze szkolenia jako konsultant systemowy i trener, a tak\u017ce moje do\u015bwiadczenie zawodowe jako mened\u017cera daj\u0105 wszechstronn\u0105 podstaw\u0119 do wspierania innych w realizacji ich projekt\u00f3w.[\/et_pb_text][et_pb_text module_class=&#8221;prof-question&#8221; _builder_version=&#8221;4.27.2&#8243; _module_preset=&#8221;default&#8221; text_text_color=&#8221;#cd222a&#8221; text_font_size=&#8221;24px&#8221; global_colors_info=&#8221;{}&#8221;]2. Co sprawia Ci najwi\u0119ksz\u0105 satysfakcj\u0119 w swojej pracy?[\/et_pb_text][et_pb_text module_class=&#8221;prof-answer&#8221; _builder_version=&#8221;4.27.2&#8243; _module_preset=&#8221;default&#8221; text_font=&#8221;|300|||||||&#8221; text_font_size=&#8221;18px&#8221; text_line_height=&#8221;2em&#8221; global_colors_info=&#8221;{}&#8221;]Nie mog\u0119 si\u0119 doczeka\u0107, aby ka\u017cdego dnia wspiera\u0107 moich coach\u00f3w.[\/et_pb_text][et_pb_text module_class=&#8221;prof-question&#8221; _builder_version=&#8221;4.27.2&#8243; _module_preset=&#8221;default&#8221; text_text_color=&#8221;#cd222a&#8221; text_font_size=&#8221;24px&#8221; global_colors_info=&#8221;{}&#8221;]3. Jaki jest dla Ciebie najlepszy spos\u00f3b na wy\u0142\u0105czenie si\u0119?[\/et_pb_text][et_pb_text module_class=&#8221;prof-answer&#8221; _builder_version=&#8221;4.27.2&#8243; _module_preset=&#8221;default&#8221; text_font=&#8221;|300|||||||&#8221; text_font_size=&#8221;18px&#8221; text_line_height=&#8221;2em&#8221; global_colors_info=&#8221;{}&#8221;]Kiedy robi\u0119 co\u015b z dzie\u0107mi lub \u017cegluj\u0119 latem.[\/et_pb_text][et_pb_text module_class=&#8221;prof-question&#8221; _builder_version=&#8221;4.27.2&#8243; _module_preset=&#8221;default&#8221; text_text_color=&#8221;#cd222a&#8221; text_font_size=&#8221;24px&#8221; global_colors_info=&#8221;{}&#8221;]4. Po czym poznajesz dobrego coacha?[\/et_pb_text][et_pb_text module_class=&#8221;prof-answer&#8221; _builder_version=&#8221;4.27.2&#8243; _module_preset=&#8221;default&#8221; text_font=&#8221;|300|||||||&#8221; text_font_size=&#8221;18px&#8221; text_line_height=&#8221;2em&#8221; global_colors_info=&#8221;{}&#8221;]Rozwi\u0105zanie le\u017cy w samym kliencie \u2013 dobry coach o tym wie. Aby wypracowa\u0107 te rozwi\u0105zania, coach dysponuje zestawem metod i odkrywa w\u0142a\u015bciw\u0105 metod\u0119 we w\u0142a\u015bciwym czasie.[\/et_pb_text][et_pb_text module_class=&#8221;prof-question&#8221; _builder_version=&#8221;4.27.2&#8243; _module_preset=&#8221;default&#8221; text_text_color=&#8221;#cd222a&#8221; text_font_size=&#8221;24px&#8221; global_colors_info=&#8221;{}&#8221;]5. W\u0142asnymi s\u0142owami: Czym zajmuje si\u0119 coach?[\/et_pb_text][et_pb_text module_class=&#8221;prof-answer&#8221; _builder_version=&#8221;4.27.2&#8243; _module_preset=&#8221;default&#8221; text_font=&#8221;|300|||||||&#8221; text_font_size=&#8221;18px&#8221; text_line_height=&#8221;2em&#8221; global_colors_info=&#8221;{}&#8221;]Coach towarzyszy coachowanemu a\u017c do mety, nawet je\u015bli cel jest na pocz\u0105tku niejasny lub zmienia si\u0119 w trakcie podr\u00f3\u017cy.[\/et_pb_text][\/et_pb_column][et_pb_column type=&#8221;1_3&#8243; _builder_version=&#8221;4.23.1&#8243; _module_preset=&#8221;default&#8221; global_colors_info=&#8221;{}&#8221;][et_pb_blurb title=&#8221;Lokalizacja&#8221; use_icon=&#8221;on&#8221; font_icon=&#8221;&#xe01d;||divi||400&#8243; icon_color=&#8221;#cd222a&#8221; image_icon_width=&#8221;40px&#8221; icon_alignment=&#8221;left&#8221; _builder_version=&#8221;4.27.4&#8243; _module_preset=&#8221;default&#8221; header_level=&#8221;h2&#8243; body_font_size=&#8221;18px&#8221; body_line_height=&#8221;1.8em&#8221; hover_enabled=&#8221;0&#8243; global_colors_info=&#8221;{}&#8221; sticky_enabled=&#8221;0&#8243;]<\/p>\n<p>Obecno\u015b\u0107 online w ca\u0142ych Niemczech w: Buchholz, Stade<\/p>\n<p>[\/et_pb_blurb][et_pb_blurb title=&#8221;Wykszta\u0142cenie zawodowe i do\u015bwiadczenie zawodowe:&#8221; use_icon=&#8221;on&#8221; font_icon=&#8221;&#xf19d;||fa||900&#8243; icon_color=&#8221;#cd222a&#8221; image_icon_width=&#8221;40px&#8221; icon_alignment=&#8221;left&#8221; _builder_version=&#8221;4.27.2&#8243; _module_preset=&#8221;default&#8221; header_level=&#8221;h2&#8243; header_line_height=&#8221;1.2em&#8221; body_font_size=&#8221;18px&#8221; body_line_height=&#8221;1.8em&#8221; global_colors_info=&#8221;{}&#8221;]Wykszta\u0142cenie spo\u0142eczne i organizacyjne (licencjat), Master of Business Administration<\/p>\n<p>20 lat do\u015bwiadczenia g\u0142\u00f3wnie w obszarach zasob\u00f3w ludzkich, zarz\u0105dzania, przyw\u00f3dztwa w biznesie, konsultingu i coachingu[\/et_pb_blurb][et_pb_blurb title=&#8221;Zainteresowania osobiste&#8221; use_icon=&#8221;on&#8221; font_icon=&#8221;&#xe030;||divi||400&#8243; icon_color=&#8221;#cd222a&#8221; image_icon_width=&#8221;40px&#8221; icon_alignment=&#8221;left&#8221; _builder_version=&#8221;4.27.2&#8243; _module_preset=&#8221;default&#8221; header_level=&#8221;h2&#8243; header_line_height=&#8221;1.2em&#8221; body_font_size=&#8221;18px&#8221; body_line_height=&#8221;1.8em&#8221; global_colors_info=&#8221;{}&#8221;]\u017beglarstwo[\/et_pb_blurb][\/et_pb_column][\/et_pb_row][et_pb_row module_id=&#8221;kontakt-christine&#8221; _builder_version=&#8221;4.24.0&#8243; _module_preset=&#8221;default&#8221; global_colors_info=&#8221;{}&#8221;][et_pb_column type=&#8221;4_4&#8243; _builder_version=&#8221;4.23.1&#8243; _module_preset=&#8221;default&#8221; global_colors_info=&#8221;{}&#8221;][et_pb_text _builder_version=&#8221;4.27.2&#8243; _module_preset=&#8221;default&#8221; header_2_text_color=&#8221;#cd222a&#8221; header_2_font_size=&#8221;30px&#8221; global_colors_info=&#8221;{}&#8221;]<\/p>\n<h2>Pro\u015bba o coaching AVGS dla Christine Geiersbach<\/h2>\n<p>[\/et_pb_text][et_pb_text _builder_version=&#8221;4.27.2&#8243; _module_preset=&#8221;default&#8221; text_font_size=&#8221;18px&#8221; text_line_height=&#8221;2em&#8221; global_colors_info=&#8221;{}&#8221;]Przeka\u017cemy Twoje dane Christine Geiersbach, aby mog\u0142a si\u0119 z Tob\u0105 skontaktowa\u0107 tak szybko, jak to mo\u017cliwe, z sugerowan\u0105 dat\u0105 niezobowi\u0105zuj\u0105cej wst\u0119pnej konsultacji. Jakie masz pro\u015bby dotycz\u0105ce coachingu AVGS?[\/et_pb_text][et_pb_code module_class=&#8221;cf-kntkt-form cf-sub-kntkt-form&#8221; _builder_version=&#8221;4.24.0&#8243; _module_preset=&#8221;default&#8221; global_colors_info=&#8221;{}&#8221;]\n<div class=\"wpcf7 no-js\" id=\"wpcf7-f6798-o1\" lang=\"pl-PL\" dir=\"ltr\" data-wpcf7-id=\"6798\">\n<div class=\"screen-reader-response\"><p role=\"status\" aria-live=\"polite\" aria-atomic=\"true\"><\/p> <ul><\/ul><\/div>\n<form action=\"\/pl\/wp-json\/wp\/v2\/pages\/6450#wpcf7-f6798-o1\" method=\"post\" class=\"wpcf7-form init\" aria-label=\"Formularz kontaktowy\" novalidate=\"novalidate\" data-status=\"init\">\n<fieldset class=\"hidden-fields-container\"><input type=\"hidden\" name=\"_wpcf7\" value=\"6798\" \/><input type=\"hidden\" name=\"_wpcf7_version\" value=\"6.1.2\" \/><input type=\"hidden\" name=\"_wpcf7_locale\" value=\"pl_PL\" \/><input type=\"hidden\" name=\"_wpcf7_unit_tag\" value=\"wpcf7-f6798-o1\" \/><input type=\"hidden\" name=\"_wpcf7_container_post\" value=\"0\" \/><input type=\"hidden\" name=\"_wpcf7_posted_data_hash\" value=\"\" \/>\n<\/fieldset>\n<div class=\"w3-row\">\n\t<div class=\"w3-col\">\n\t\t<p><span class=\"wpcf7-form-control-wrap\" data-name=\"what-can-we-do-for-you-answer\"><span class=\"wpcf7-form-control wpcf7-checkbox checkbox\"><span class=\"wpcf7-list-item first\"><label><input type=\"checkbox\" name=\"what-can-we-do-for-you-answer[]\" value=\"Jobcoaching\" \/><span class=\"wpcf7-list-item-label\">Jobcoaching<\/span><\/label><\/span><span class=\"wpcf7-list-item last\"><label><input type=\"checkbox\" name=\"what-can-we-do-for-you-answer[]\" value=\"Gr\u00fcndungsberatung\" \/><span class=\"wpcf7-list-item-label\">Gr\u00fcndungsberatung<\/span><\/label><\/span><\/span><\/span>\n\t\t<\/p>\n\t<\/div>\n<\/div>\n<div class=\"w3-row\">\n\t<div class=\"w3-col\">\n\t\t<p><label>Vor- und Nachname<\/label><br \/>\n<span class=\"wpcf7-form-control-wrap\" data-name=\"Vor-und-Nachname\"><input size=\"40\" maxlength=\"400\" class=\"wpcf7-form-control wpcf7-text wpcf7-validates-as-required\" autocomplete=\"off\" aria-required=\"true\" aria-invalid=\"false\" value=\"\" type=\"text\" name=\"Vor-und-Nachname\" \/><\/span>\n\t\t<\/p>\n\t<\/div>\n<\/div>\n<div class=\"w3-row\">\n\t<div class=\"w3-col\">\n\t\t<p><label>Telefonnummer<\/label><br \/>\n<span class=\"wpcf7-form-control-wrap\" data-name=\"telefonnummer\"><input size=\"40\" maxlength=\"400\" class=\"wpcf7-form-control wpcf7-tel wpcf7-text wpcf7-validates-as-tel\" autocomplete=\"off\" aria-invalid=\"false\" value=\"\" type=\"tel\" name=\"telefonnummer\" \/><\/span>\n\t\t<\/p>\n\t<\/div>\n\t<div class=\"w3-col\">\n\t\t<p><label>E-Mail-Adresse<\/label><br \/>\n<span class=\"wpcf7-form-control-wrap\" data-name=\"your-email\"><input size=\"40\" maxlength=\"400\" class=\"wpcf7-form-control wpcf7-email wpcf7-validates-as-required wpcf7-text wpcf7-validates-as-email\" autocomplete=\"off\" aria-required=\"true\" aria-invalid=\"false\" value=\"\" type=\"email\" name=\"your-email\" \/><\/span>\n\t\t<\/p>\n\t<\/div>\n<\/div>\n<div class=\"w3-row\">\n\t<div class=\"w3-col\">\n\t\t<p><label>Mitteilung<\/label>\n\t\t<\/p>\n\t<\/div>\n\t<div class=\"w3-col\">\n\t\t<p><span class=\"wpcf7-form-control-wrap\" data-name=\"mitteilung\"><textarea cols=\"40\" rows=\"10\" maxlength=\"2000\" class=\"wpcf7-form-control wpcf7-textarea\" aria-invalid=\"false\" placeholder=\"max 500 Zeichen\" name=\"mitteilung\"><\/textarea><\/span>\n\t\t<\/p>\n\t<\/div>\n<\/div>\n<div class=\"w3-row\">\n\t<div class=\"w3-col\">\n\t\t<p><label>Wie haben Sie uns gefunden?<\/label>\n\t\t<\/p>\n\t<\/div>\n<\/div>\n<div class=\"w3-row\">\n\t<div class=\"w3-col\">\n\t\t<p><span class=\"wpcf7-form-control-wrap\" data-name=\"how-did-you-find-us-answer\"><span class=\"wpcf7-form-control wpcf7-checkbox checkbox\"><span class=\"wpcf7-list-item first\"><label><input type=\"checkbox\" name=\"how-did-you-find-us-answer[]\" value=\"Pers\u00f6nliche Empfehlung\" \/><span class=\"wpcf7-list-item-label\">Pers\u00f6nliche Empfehlung<\/span><\/label><\/span><span class=\"wpcf7-list-item\"><label><input type=\"checkbox\" name=\"how-did-you-find-us-answer[]\" value=\"Internetsuche\" \/><span class=\"wpcf7-list-item-label\">Internetsuche<\/span><\/label><\/span><span class=\"wpcf7-list-item last\"><label><input type=\"checkbox\" name=\"how-did-you-find-us-answer[]\" value=\"Social Media\" \/><span class=\"wpcf7-list-item-label\">Social Media<\/span><\/label><\/span><\/span><\/span>\n\t\t<\/p>\n\t<\/div>\n<\/div>\n<div class=\"w3-row\">\n\t<div class=\"w3-col\">\n\t\t<p><label>Datenschutz<\/label><br \/>\n<span class=\"wpcf7-form-control-wrap\" data-name=\"datenschutz\"><span class=\"wpcf7-form-control wpcf7-checkbox wpcf7-validates-as-required\"><span class=\"wpcf7-list-item first last\"><input type=\"checkbox\" name=\"datenschutz[]\" value=\"Ich willige in die Verarbeitung meiner oben angegebenen personenbezogenen Daten zum Zwecke des Erhalts von Informationen zu Coachings ein. Meine Daten werden ggfls. zur Kontaktaufnahme an die zu vermittelten Coaches weitergegeben. Die weiteren Informationen zur Verarbeitung meiner Daten habe ich zur Kenntnis genommen. Ich bin mir bewusst, dass ich die erteilten Einwilligungen jederzeit telefonisch oder mit einer formlosen Mitteilung per E-Mail an kontakt@beratung-westphal.de widerrufen kann.\" \/><span class=\"wpcf7-list-item-label\">Ich willige in die Verarbeitung meiner oben angegebenen personenbezogenen Daten zum Zwecke des Erhalts von Informationen zu Coachings ein. Meine Daten werden ggfls. zur Kontaktaufnahme an die zu vermittelten Coaches weitergegeben. Die weiteren Informationen zur Verarbeitung meiner Daten habe ich zur Kenntnis genommen. Ich bin mir bewusst, dass ich die erteilten Einwilligungen jederzeit telefonisch oder mit einer formlosen Mitteilung per E-Mail an kontakt@beratung-westphal.de widerrufen kann.<\/span><\/span><\/span><\/span>\n\t\t<\/p>\n\t<\/div>\n<\/div>\n<div class=\"w3-row\">\n\t<div class=\"w3-col\">\n\t\t<p><span class=\"wpcf7-form-control-wrap\" data-name=\"quiz-827\"><label><span class=\"wpcf7-quiz-label\">16 - 6 = ?<\/span> <input size=\"40\" class=\"wpcf7-form-control wpcf7-quiz\" autocomplete=\"off\" aria-required=\"true\" aria-invalid=\"false\" type=\"text\" name=\"quiz-827\" \/><\/label><input type=\"hidden\" name=\"_wpcf7_quiz_answer_quiz-827\" value=\"a5cc132ea93ed1ebdfa0149b9d684efe\" \/><\/span>\n\t\t<\/p>\n\t<\/div>\n<\/div>\n<center>\n\t<div class=\"w3-row\">\n\t\t<div class=\"w3-col\">\n\t\t\t<p><input class=\"wpcf7-form-control wpcf7-submit has-spinner pc-button bg-primary-color square-button primary-border-color\" type=\"submit\" value=\"Senden\" \/>\n\t\t\t<\/p>\n\t\t<\/div>\n\t<\/div>\n<\/center><div class=\"frc-captcha \" data-sitekey=\"FCMIVM5H8K1HPA6F\" data-lang=\"pl\" ><\/div>\n\t\t<noscript>You need to enable Javascript for the anti-spam check.<\/noscript><div class=\"wpcf7-response-output\" aria-hidden=\"true\"><\/div>\n<\/form>\n<\/div>\n[\/et_pb_code][\/et_pb_column][\/et_pb_row][\/et_pb_section]<\/p>\n","protected":false},"excerpt":{"rendered":"<p>Christine Geiersbach Produkt: Coaching pracy, doradztwo na start J\u0119zyk(i) coachingu: niemiecki Szkolenia\/certyfikaty coachingowe: Konsultant systemowy i coach wed\u0142ug St. Gallen Coaching Model (CTAS), konsultant systemowy (Akademia Campus Naturalis), Wywiady metod\u0105 Rogersa (Gr\u00fcne Sch\u00fcle), LINC Personality Profiler Do\u015bwiadczenie bran\u017cowe: Doradztwo\/coaching, us\u0142ugi 1. Co kwalifikuje Ci\u0119 jako coacha\/trenera?M\u00f3j ciep\u0142y i empatyczny spos\u00f3b post\u0119powania z lud\u017ami! Dodatkowo moje [&hellip;]<\/p>\n","protected":false},"author":1,"featured_media":0,"parent":6595,"menu_order":0,"comment_status":"closed","ping_status":"closed","template":"","meta":{"_et_pb_use_builder":"on","_et_pb_old_content":"","_et_gb_content_width":"","footnotes":""},"class_list":["post-6450","page","type-page","status-publish","hentry"],"yoast_head":"<!-- This site is optimized with the Yoast SEO plugin v26.0 - https:\/\/yoast.com\/wordpress\/plugins\/seo\/ -->\n<title>Christine Geiersbach | Trener AVGS Buchholz, L\u00fcneburg, Stade<\/title>\n<meta name=\"description\" content=\"Christine Geiersbach imponuje swoim empatycznym i ciep\u0142ym podej\u015bciem do coachingu AVGS. Jako coach wie: \u201eRozwi\u0105zanie le\u017cy w samym kliencie\u201d.\" \/>\n<meta name=\"robots\" content=\"index, follow, max-snippet:-1, max-image-preview:large, max-video-preview:-1\" \/>\n<link rel=\"canonical\" href=\"https:\/\/avgs-gutschein.de\/pl\/nasi-trenerzy\/christine-geiersbach\/\" \/>\n<meta property=\"og:locale\" content=\"pl_PL\" \/>\n<meta property=\"og:type\" content=\"article\" \/>\n<meta property=\"og:title\" content=\"Christine Geiersbach | Trener AVGS Buchholz, L\u00fcneburg, Stade\" \/>\n<meta property=\"og:description\" content=\"Christine Geiersbach imponuje swoim empatycznym i ciep\u0142ym podej\u015bciem do coachingu AVGS. Jako coach wie: \u201eRozwi\u0105zanie le\u017cy w samym kliencie\u201d.\" \/>\n<meta property=\"og:url\" content=\"https:\/\/avgs-gutschein.de\/pl\/nasi-trenerzy\/christine-geiersbach\/\" \/>\n<meta property=\"og:site_name\" content=\"AVGS Gutschein\" \/>\n<meta property=\"article:modified_time\" content=\"2025-10-07T07:13:52+00:00\" \/>\n<meta name=\"twitter:card\" content=\"summary_large_image\" \/>\n<meta name=\"twitter:label1\" content=\"Szacowany czas czytania\" \/>\n\t<meta name=\"twitter:data1\" content=\"2 minuty\" \/>\n<script type=\"application\/ld+json\" class=\"yoast-schema-graph\">{\"@context\":\"https:\/\/schema.org\",\"@graph\":[{\"@type\":\"WebPage\",\"@id\":\"https:\/\/avgs-gutschein.de\/pl\/nasi-trenerzy\/christine-geiersbach\/\",\"url\":\"https:\/\/avgs-gutschein.de\/pl\/nasi-trenerzy\/christine-geiersbach\/\",\"name\":\"Christine Geiersbach | Trener AVGS Buchholz, L\u00fcneburg, Stade\",\"isPartOf\":{\"@id\":\"https:\/\/avgs-gutschein.de\/pl\/#website\"},\"datePublished\":\"2024-01-25T07:41:11+00:00\",\"dateModified\":\"2025-10-07T07:13:52+00:00\",\"description\":\"Christine Geiersbach imponuje swoim empatycznym i ciep\u0142ym podej\u015bciem do coachingu AVGS. Jako coach wie: \u201eRozwi\u0105zanie le\u017cy w samym kliencie\u201d.\",\"breadcrumb\":{\"@id\":\"https:\/\/avgs-gutschein.de\/pl\/nasi-trenerzy\/christine-geiersbach\/#breadcrumb\"},\"inLanguage\":\"pl-PL\",\"potentialAction\":[{\"@type\":\"ReadAction\",\"target\":[\"https:\/\/avgs-gutschein.de\/pl\/nasi-trenerzy\/christine-geiersbach\/\"]}]},{\"@type\":\"BreadcrumbList\",\"@id\":\"https:\/\/avgs-gutschein.de\/pl\/nasi-trenerzy\/christine-geiersbach\/#breadcrumb\",\"itemListElement\":[{\"@type\":\"ListItem\",\"position\":1,\"name\":\"Startseite\",\"item\":\"https:\/\/avgs-gutschein.de\/pl\/\"},{\"@type\":\"ListItem\",\"position\":2,\"name\":\"Wybierz trenera AVGS\",\"item\":\"https:\/\/avgs-gutschein.de\/pl\/unsere-coaches\/\"},{\"@type\":\"ListItem\",\"position\":3,\"name\":\"Christine Geiersbach\"}]},{\"@type\":\"WebSite\",\"@id\":\"https:\/\/avgs-gutschein.de\/pl\/#website\",\"url\":\"https:\/\/avgs-gutschein.de\/pl\/\",\"name\":\"AVGS Gutschein\",\"description\":\"\",\"potentialAction\":[{\"@type\":\"SearchAction\",\"target\":{\"@type\":\"EntryPoint\",\"urlTemplate\":\"https:\/\/avgs-gutschein.de\/pl\/?s={search_term_string}\"},\"query-input\":{\"@type\":\"PropertyValueSpecification\",\"valueRequired\":true,\"valueName\":\"search_term_string\"}}],\"inLanguage\":\"pl-PL\"}]}<\/script>\n<!-- \/ Yoast SEO plugin. -->","yoast_head_json":{"title":"Christine Geiersbach | Trener AVGS Buchholz, L\u00fcneburg, Stade","description":"Christine Geiersbach imponuje swoim empatycznym i ciep\u0142ym podej\u015bciem do coachingu AVGS. Jako coach wie: \u201eRozwi\u0105zanie le\u017cy w samym kliencie\u201d.","robots":{"index":"index","follow":"follow","max-snippet":"max-snippet:-1","max-image-preview":"max-image-preview:large","max-video-preview":"max-video-preview:-1"},"canonical":"https:\/\/avgs-gutschein.de\/pl\/nasi-trenerzy\/christine-geiersbach\/","og_locale":"pl_PL","og_type":"article","og_title":"Christine Geiersbach | Trener AVGS Buchholz, L\u00fcneburg, Stade","og_description":"Christine Geiersbach imponuje swoim empatycznym i ciep\u0142ym podej\u015bciem do coachingu AVGS. Jako coach wie: \u201eRozwi\u0105zanie le\u017cy w samym kliencie\u201d.","og_url":"https:\/\/avgs-gutschein.de\/pl\/nasi-trenerzy\/christine-geiersbach\/","og_site_name":"AVGS Gutschein","article_modified_time":"2025-10-07T07:13:52+00:00","twitter_card":"summary_large_image","twitter_misc":{"Szacowany czas czytania":"2 minuty"},"schema":{"@context":"https:\/\/schema.org","@graph":[{"@type":"WebPage","@id":"https:\/\/avgs-gutschein.de\/pl\/nasi-trenerzy\/christine-geiersbach\/","url":"https:\/\/avgs-gutschein.de\/pl\/nasi-trenerzy\/christine-geiersbach\/","name":"Christine Geiersbach | Trener AVGS Buchholz, L\u00fcneburg, Stade","isPartOf":{"@id":"https:\/\/avgs-gutschein.de\/pl\/#website"},"datePublished":"2024-01-25T07:41:11+00:00","dateModified":"2025-10-07T07:13:52+00:00","description":"Christine Geiersbach imponuje swoim empatycznym i ciep\u0142ym podej\u015bciem do coachingu AVGS. Jako coach wie: \u201eRozwi\u0105zanie le\u017cy w samym kliencie\u201d.","breadcrumb":{"@id":"https:\/\/avgs-gutschein.de\/pl\/nasi-trenerzy\/christine-geiersbach\/#breadcrumb"},"inLanguage":"pl-PL","potentialAction":[{"@type":"ReadAction","target":["https:\/\/avgs-gutschein.de\/pl\/nasi-trenerzy\/christine-geiersbach\/"]}]},{"@type":"BreadcrumbList","@id":"https:\/\/avgs-gutschein.de\/pl\/nasi-trenerzy\/christine-geiersbach\/#breadcrumb","itemListElement":[{"@type":"ListItem","position":1,"name":"Startseite","item":"https:\/\/avgs-gutschein.de\/pl\/"},{"@type":"ListItem","position":2,"name":"Wybierz trenera AVGS","item":"https:\/\/avgs-gutschein.de\/pl\/unsere-coaches\/"},{"@type":"ListItem","position":3,"name":"Christine Geiersbach"}]},{"@type":"WebSite","@id":"https:\/\/avgs-gutschein.de\/pl\/#website","url":"https:\/\/avgs-gutschein.de\/pl\/","name":"AVGS Gutschein","description":"","potentialAction":[{"@type":"SearchAction","target":{"@type":"EntryPoint","urlTemplate":"https:\/\/avgs-gutschein.de\/pl\/?s={search_term_string}"},"query-input":{"@type":"PropertyValueSpecification","valueRequired":true,"valueName":"search_term_string"}}],"inLanguage":"pl-PL"}]}},"_links":{"self":[{"href":"https:\/\/avgs-gutschein.de\/pl\/wp-json\/wp\/v2\/pages\/6450","targetHints":{"allow":["GET"]}}],"collection":[{"href":"https:\/\/avgs-gutschein.de\/pl\/wp-json\/wp\/v2\/pages"}],"about":[{"href":"https:\/\/avgs-gutschein.de\/pl\/wp-json\/wp\/v2\/types\/page"}],"author":[{"embeddable":true,"href":"https:\/\/avgs-gutschein.de\/pl\/wp-json\/wp\/v2\/users\/1"}],"replies":[{"embeddable":true,"href":"https:\/\/avgs-gutschein.de\/pl\/wp-json\/wp\/v2\/comments?post=6450"}],"version-history":[{"count":6,"href":"https:\/\/avgs-gutschein.de\/pl\/wp-json\/wp\/v2\/pages\/6450\/revisions"}],"predecessor-version":[{"id":11601,"href":"https:\/\/avgs-gutschein.de\/pl\/wp-json\/wp\/v2\/pages\/6450\/revisions\/11601"}],"up":[{"embeddable":true,"href":"https:\/\/avgs-gutschein.de\/pl\/wp-json\/wp\/v2\/pages\/6595"}],"wp:attachment":[{"href":"https:\/\/avgs-gutschein.de\/pl\/wp-json\/wp\/v2\/media?parent=6450"}],"curies":[{"name":"wp","href":"https:\/\/api.w.org\/{rel}","templated":true}]}}