{"id":7134,"date":"2023-11-28T07:09:43","date_gmt":"2023-11-28T06:09:43","guid":{"rendered":"https:\/\/avgs-gutschein.de\/impressum\/"},"modified":"2024-10-18T05:25:38","modified_gmt":"2024-10-18T03:25:38","slug":"imprimir","status":"publish","type":"page","link":"https:\/\/avgs-gutschein.de\/es\/imprimir\/","title":{"rendered":"Imprimir"},"content":{"rendered":"<p>[et_pb_section fb_built=\u00bb1&#8243; _builder_version=\u00bb4.23.1&#8243; _module_preset=\u00bbdefault\u00bb background_image=\u00bbhttps:\/\/avgs-gutschein.de\/wp-content\/uploads\/2023\/11\/impressum-bg-image.webp\u00bb background_position=\u00bbtop_center\u00bb custom_padding=\u00bb22vw||10.5vw||false|false\u00bb global_colors_info=\u00bb{}\u00bb][et_pb_row disabled_on=\u00bboff|off|off\u00bb _builder_version=\u00bb4.23.1&#8243; _module_preset=\u00bbdefault\u00bb global_colors_info=\u00bb{}\u00bb][et_pb_column type=\u00bb4_4&#8243; _builder_version=\u00bb4.23.1&#8243; _module_preset=\u00bbdefault\u00bb global_colors_info=\u00bb{}\u00bb][et_pb_text disabled_on=\u00bbon|on|on\u00bb module_class=\u00bbgray-font header-sub-text\u00bb _builder_version=\u00bb4.23.1&#8243; _module_preset=\u00bbdefault\u00bb text_font=\u00bb|700|||||||\u00bb text_text_color=\u00bb#FFFFFF\u00bb text_orientation=\u00bbcenter\u00bb disabled=\u00bbon\u00bb global_colors_info=\u00bb{}\u00bb]Kompetent. Erfahren. Empathisch.[\/et_pb_text][\/et_pb_column][\/et_pb_row][\/et_pb_section][et_pb_section fb_built=\u00bb1&#8243; _builder_version=\u00bb4.23.1&#8243; _module_preset=\u00bbdefault\u00bb global_colors_info=\u00bb{}\u00bb][et_pb_row _builder_version=\u00bb4.23.1&#8243; _module_preset=\u00bbdefault\u00bb global_colors_info=\u00bb{}\u00bb][et_pb_column type=\u00bb4_4&#8243; _builder_version=\u00bb4.23.1&#8243; _module_preset=\u00bbdefault\u00bb global_colors_info=\u00bb{}\u00bb][et_pb_text module_class=\u00bbavgs-font \u00bb _builder_version=\u00bb4.27.2&#8243; _module_preset=\u00bbdefault\u00bb text_font_size=\u00bb50px\u00bb header_font=\u00bb|800|||||||\u00bb header_text_align=\u00bbleft\u00bb header_font_size=\u00bb45px\u00bb hover_enabled=\u00bb0&#8243; global_colors_info=\u00bb{}\u00bb sticky_enabled=\u00bb0&#8243;]<\/p>\n<h1 class=\"red-font\"><span class=\"gray-font\"> <\/span> Imprimir<\/h1>\n<p>[\/et_pb_text][et_pb_text module_class=\u00bbgray-font normal-p\u00bb _builder_version=\u00bb4.27.2&#8243; _module_preset=\u00bbdefault\u00bb hover_enabled=\u00bb0&#8243; global_colors_info=\u00bb{}\u00bb sticky_enabled=\u00bb0&#8243;]<\/p>\n<h2>Informaci\u00f3n seg\u00fan el art\u00edculo 5 de la TMG<\/h2>\n<p>Beratungsgesellschaft M. Willkomm mbH<br \/>\nTheodor-Haubach-Weg 2<br \/>\n21684 Stade<\/p>\n<p>representado por: Michael Willkomm<\/p>\n<h3>contacto<\/h3>\n<p>Tel\u00e9fono:\u00a0<a title=\"AVGS Coaching Berlin jetzt kontaktieren\" href=\"tel:+494141776155\">(04141) 776155<\/a><br \/>\nCorreo electr\u00f3nico <a href=\"mailto:info@beratungsgesellschaft-willkomm.de\">info(@)beratungsgesellschaft-willkomm.de<\/a><\/p>\n<p>Beratunggesellschaft M. Willkomm mbH |\u00a0Sitz: Stade | Amtsgericht Tostedt | HRA 20366<\/p>\n<p>Representaci\u00f3n: Director General: Michael Willkomm<\/p>\n<p>N\u00famero de impuesto: 43\/206\/55167<\/p>\n<h3>Descargo de responsabilidad<\/h3>\n<h5>Responsabilidad por el contenido<\/h5>\n<p>Como proveedor de servicios, somos responsables de los contenidos propios de estas p\u00e1ginas de acuerdo con las leyes generales seg\u00fan el art\u00edculo 7, apartado 1 de la TMG. Sin embargo, seg\u00fan los art\u00edculos 8 a 10 de la TMG, como proveedor de servicios no estamos obligados a controlar la informaci\u00f3n de terceros transmitida o almacenada ni a investigar circunstancias que indiquen una actividad ilegal. Las obligaciones de eliminar o bloquear el uso de informaci\u00f3n de acuerdo con la ley general no se ver\u00e1n afectadas. Sin embargo, la responsabilidad a este respecto s\u00f3lo es posible a partir del momento en que se tiene conocimiento de una infracci\u00f3n legal espec\u00edfica. Si tenemos conocimiento de alguna infracci\u00f3n legal correspondiente, eliminaremos inmediatamente este contenido.<\/p>\n<h5>Responsabilidad por enlaces<\/h5>\n<p>Nuestra oferta contiene enlaces a sitios web externos de terceros sobre cuyo contenido no tenemos ninguna influencia. Por lo tanto, no podemos asumir ninguna responsabilidad por este contenido externo. El respectivo proveedor u operador de las p\u00e1ginas es siempre responsable del contenido de las p\u00e1ginas enlazadas. En el momento de la vinculaci\u00f3n se comprobaron las p\u00e1ginas enlazadas para detectar posibles infracciones legales. El contenido ilegal no era evidente en el momento del enlace. Sin embargo, un control permanente del contenido de las p\u00e1ginas enlazadas no es razonable sin pruebas concretas de una infracci\u00f3n legal. Si tenemos conocimiento de alguna infracci\u00f3n legal, eliminaremos inmediatamente dichos enlaces.<\/p>\n<h5>Derechos de autor<\/h5>\n<p>Los contenidos y trabajos de estas p\u00e1ginas creados por los operadores del sitio est\u00e1n sujetos a la ley de derechos de autor alemana. La reproducci\u00f3n, procesamiento, distribuci\u00f3n y cualquier tipo de explotaci\u00f3n fuera de los l\u00edmites de la ley de derechos de autor requieren el consentimiento por escrito del respectivo autor o creador. Las descargas y copias de esta p\u00e1gina s\u00f3lo est\u00e1n permitidas para uso privado y no comercial. Si el contenido de este sitio no fue creado por el operador, se respetan los derechos de autor de terceros. En particular, los contenidos de terceros se marcan como tales. No obstante, si tiene conocimiento de una infracci\u00f3n de derechos de autor, le pedimos que nos lo notifique en consecuencia. Si tenemos conocimiento de alguna infracci\u00f3n legal, eliminaremos inmediatamente dicho contenido.<\/p>\n<p><strong>Resoluci\u00f3n de litigios en l\u00ednea de conformidad con el art\u00edculo 14, apartado 1, ODR-VO.<\/strong>: La Comisi\u00f3n Europea proporciona una plataforma para la resoluci\u00f3n de disputas (OS) en l\u00ednea, que puede encontrar en<a href=\"http:\/\/ec.europa.eu\/consumers\/odr\/\">http:\/\/ec.europa.eu\/consumers\/odr\/<\/a>\u00a0encontrar.<\/p>\n<p>Puede encontrar nuestra direcci\u00f3n de correo electr\u00f3nico en el aviso legal anterior.<\/p>\n<p>Fuentes: Descargo de responsabilidad de eRecht24, el portal de derecho de Internet del abogado S\u00f6ren Siebert<\/p>\n<p>&nbsp;<\/p>\n<p>Este aviso legal tambi\u00e9n se aplica a las siguientes plataformas de redes sociales:<\/p>\n<p><a target=\"_blank\" href=\"https:\/\/www.facebook.com\/beratungsgesellschaftwillkomm\" rel=\"noopener noreferrer\">https:\/\/www.facebook.com\/beratungsgesellschaftwillkomm<\/a><\/p>\n<p><a target=\"_blank\" href=\"https:\/\/www.linkedin.com\/company\/beratungsgesellschaftwillkomm\" rel=\"noopener noreferrer\">https:\/\/www.linkedin.com\/company\/beratungsgesellschaftwillkomm<\/a><\/p>\n<p><a target=\"_blank\" href=\"https:\/\/www.xing.com\/companies\/beratungsgesellschaftm.willkomm%26mbh%26co.kg\" rel=\"noopener noreferrer\">https:\/\/www.xing.com\/pages\/beratungsgesellschaftm-willkomm-mbh-co-kg<\/a><\/p>\n<p>complementado all\u00ed por el responsable de contenidos period\u00edstico-editoriales.[\/et_pb_text][\/et_pb_column][\/et_pb_row][\/et_pb_section][et_pb_section fb_built=\u00bb1&#8243; _builder_version=\u00bb4.24.0&#8243; _module_preset=\u00bbdefault\u00bb background_image=\u00bbhttps:\/\/avgs-gutschein.de\/wp-content\/uploads\/2024\/01\/Footer_Contact.webp\u00bb parallax=\u00bbon\u00bb parallax_method=\u00bboff\u00bb custom_padding=\u00bb100px||150px||false|false\u00bb global_colors_info=\u00bb{}\u00bb][et_pb_row _builder_version=\u00bb4.23.1&#8243; _module_preset=\u00bbdefault\u00bb background_color=\u00bbrgba(255,255,255,0.83)\u00bb transform_translate_linked=\u00bboff\u00bb z_index=\u00bb9&#8243; max_width=\u00bb800px\u00bb custom_padding=\u00bb||||false|false\u00bb border_radii=\u00bbon|5px|5px|5px|5px\u00bb global_colors_info=\u00bb{}\u00bb][et_pb_column type=\u00bb4_4&#8243; _builder_version=\u00bb4.23.1&#8243; _module_preset=\u00bbdefault\u00bb global_colors_info=\u00bb{}\u00bb][et_pb_blurb title=\u00bb\u00bfTiene preguntas sobre su financiaci\u00f3n AVGS?\u00bb use_icon=\u00bbon\u00bb font_icon=\u00bb&#x77;||divi||400&#8243; icon_color=\u00bb#cd222a\u00bb content_max_width=\u00bb100%\u00bb module_class=\u00bbavgs-h2 gray-font\u00bb _builder_version=\u00bb4.27.2&#8243; _module_preset=\u00bbdefault\u00bb header_level=\u00bbh2&#8243; header_font=\u00bb||||||||\u00bb header_text_align=\u00bbcenter\u00bb hover_enabled=\u00bb0&#8243; global_colors_info=\u00bb{}\u00bb sticky_enabled=\u00bb0&#8243;][\/et_pb_blurb][et_pb_button button_url=\u00bb\/es\/contacto\u00bb button_text=\u00bbContacto\u00bb button_alignment=\u00bbcenter\u00bb _builder_version=\u00bb4.27.2&#8243; _module_preset=\u00bbdefault\u00bb custom_button=\u00bbon\u00bb button_text_color=\u00bb#cd222a\u00bb button_border_width=\u00bb1px\u00bb button_use_icon=\u00bboff\u00bb hover_enabled=\u00bb0&#8243; global_colors_info=\u00bb{}\u00bb sticky_enabled=\u00bb0&#8243;][\/et_pb_button][\/et_pb_column][\/et_pb_row][\/et_pb_section]<\/p>\n","protected":false},"excerpt":{"rendered":"<p>Kompetent. Erfahren. Empathisch. ImprimirInformaci\u00f3n seg\u00fan el art\u00edculo 5 de la TMG Beratungsgesellschaft M. Willkomm mbH Theodor-Haubach-Weg 2 21684 Stade representado por: Michael Willkomm contacto Tel\u00e9fono:\u00a0(04141) 776155 Correo electr\u00f3nico info(@)beratungsgesellschaft-willkomm.de Beratunggesellschaft M. Willkomm mbH |\u00a0Sitz: Stade | Amtsgericht Tostedt | HRA 20366 Representaci\u00f3n: Director General: Michael Willkomm N\u00famero de impuesto: 43\/206\/55167 Descargo de responsabilidad Responsabilidad por [&hellip;]<\/p>\n","protected":false},"author":1,"featured_media":0,"parent":0,"menu_order":0,"comment_status":"closed","ping_status":"closed","template":"","meta":{"_et_pb_use_builder":"on","_et_pb_old_content":"","_et_gb_content_width":"","footnotes":""},"class_list":["post-7134","page","type-page","status-publish","hentry"],"yoast_head":"<!-- This site is optimized with the Yoast SEO plugin v26.0 - https:\/\/yoast.com\/wordpress\/plugins\/seo\/ -->\n<title>Imprimir - AVGS Gutschein<\/title>\n<meta name=\"robots\" content=\"noindex, follow\" \/>\n<meta property=\"og:locale\" content=\"es_ES\" \/>\n<meta property=\"og:type\" content=\"article\" \/>\n<meta property=\"og:title\" content=\"Imprimir - AVGS Gutschein\" \/>\n<meta property=\"og:description\" content=\"Kompetent. Erfahren. Empathisch. ImprimirInformaci\u00f3n seg\u00fan el art\u00edculo 5 de la TMG Beratungsgesellschaft M. Willkomm mbH Theodor-Haubach-Weg 2 21684 Stade representado por: Michael Willkomm contacto Tel\u00e9fono:\u00a0(04141) 776155 Correo electr\u00f3nico info(@)beratungsgesellschaft-willkomm.de Beratunggesellschaft M. Willkomm mbH |\u00a0Sitz: Stade | Amtsgericht Tostedt | HRA 20366 Representaci\u00f3n: Director General: Michael Willkomm N\u00famero de impuesto: 43\/206\/55167 Descargo de responsabilidad Responsabilidad por [&hellip;]\" \/>\n<meta property=\"og:url\" content=\"https:\/\/avgs-gutschein.de\/es\/imprimir\/\" \/>\n<meta property=\"og:site_name\" content=\"AVGS Gutschein\" \/>\n<meta property=\"article:modified_time\" content=\"2024-10-18T03:25:38+00:00\" \/>\n<meta name=\"twitter:card\" content=\"summary_large_image\" \/>\n<meta name=\"twitter:label1\" content=\"Tiempo de lectura\" \/>\n\t<meta name=\"twitter:data1\" content=\"3 minutos\" \/>\n<script type=\"application\/ld+json\" class=\"yoast-schema-graph\">{\"@context\":\"https:\/\/schema.org\",\"@graph\":[{\"@type\":\"WebPage\",\"@id\":\"https:\/\/avgs-gutschein.de\/es\/imprimir\/\",\"url\":\"https:\/\/avgs-gutschein.de\/es\/imprimir\/\",\"name\":\"Imprimir - AVGS Gutschein\",\"isPartOf\":{\"@id\":\"https:\/\/avgs-gutschein.de\/es\/#website\"},\"datePublished\":\"2023-11-28T06:09:43+00:00\",\"dateModified\":\"2024-10-18T03:25:38+00:00\",\"breadcrumb\":{\"@id\":\"https:\/\/avgs-gutschein.de\/es\/imprimir\/#breadcrumb\"},\"inLanguage\":\"es\",\"potentialAction\":[{\"@type\":\"ReadAction\",\"target\":[\"https:\/\/avgs-gutschein.de\/es\/imprimir\/\"]}]},{\"@type\":\"BreadcrumbList\",\"@id\":\"https:\/\/avgs-gutschein.de\/es\/imprimir\/#breadcrumb\",\"itemListElement\":[{\"@type\":\"ListItem\",\"position\":1,\"name\":\"Startseite\",\"item\":\"https:\/\/avgs-gutschein.de\/es\/\"},{\"@type\":\"ListItem\",\"position\":2,\"name\":\"Imprimir\"}]},{\"@type\":\"WebSite\",\"@id\":\"https:\/\/avgs-gutschein.de\/es\/#website\",\"url\":\"https:\/\/avgs-gutschein.de\/es\/\",\"name\":\"AVGS Gutschein\",\"description\":\"\",\"potentialAction\":[{\"@type\":\"SearchAction\",\"target\":{\"@type\":\"EntryPoint\",\"urlTemplate\":\"https:\/\/avgs-gutschein.de\/es\/?s={search_term_string}\"},\"query-input\":{\"@type\":\"PropertyValueSpecification\",\"valueRequired\":true,\"valueName\":\"search_term_string\"}}],\"inLanguage\":\"es\"}]}<\/script>\n<!-- \/ Yoast SEO plugin. -->","yoast_head_json":{"title":"Imprimir - AVGS Gutschein","robots":{"index":"noindex","follow":"follow"},"og_locale":"es_ES","og_type":"article","og_title":"Imprimir - AVGS Gutschein","og_description":"Kompetent. Erfahren. Empathisch. ImprimirInformaci\u00f3n seg\u00fan el art\u00edculo 5 de la TMG Beratungsgesellschaft M. Willkomm mbH Theodor-Haubach-Weg 2 21684 Stade representado por: Michael Willkomm contacto Tel\u00e9fono:\u00a0(04141) 776155 Correo electr\u00f3nico info(@)beratungsgesellschaft-willkomm.de Beratunggesellschaft M. Willkomm mbH |\u00a0Sitz: Stade | Amtsgericht Tostedt | HRA 20366 Representaci\u00f3n: Director General: Michael Willkomm N\u00famero de impuesto: 43\/206\/55167 Descargo de responsabilidad Responsabilidad por [&hellip;]","og_url":"https:\/\/avgs-gutschein.de\/es\/imprimir\/","og_site_name":"AVGS Gutschein","article_modified_time":"2024-10-18T03:25:38+00:00","twitter_card":"summary_large_image","twitter_misc":{"Tiempo de lectura":"3 minutos"},"schema":{"@context":"https:\/\/schema.org","@graph":[{"@type":"WebPage","@id":"https:\/\/avgs-gutschein.de\/es\/imprimir\/","url":"https:\/\/avgs-gutschein.de\/es\/imprimir\/","name":"Imprimir - AVGS Gutschein","isPartOf":{"@id":"https:\/\/avgs-gutschein.de\/es\/#website"},"datePublished":"2023-11-28T06:09:43+00:00","dateModified":"2024-10-18T03:25:38+00:00","breadcrumb":{"@id":"https:\/\/avgs-gutschein.de\/es\/imprimir\/#breadcrumb"},"inLanguage":"es","potentialAction":[{"@type":"ReadAction","target":["https:\/\/avgs-gutschein.de\/es\/imprimir\/"]}]},{"@type":"BreadcrumbList","@id":"https:\/\/avgs-gutschein.de\/es\/imprimir\/#breadcrumb","itemListElement":[{"@type":"ListItem","position":1,"name":"Startseite","item":"https:\/\/avgs-gutschein.de\/es\/"},{"@type":"ListItem","position":2,"name":"Imprimir"}]},{"@type":"WebSite","@id":"https:\/\/avgs-gutschein.de\/es\/#website","url":"https:\/\/avgs-gutschein.de\/es\/","name":"AVGS Gutschein","description":"","potentialAction":[{"@type":"SearchAction","target":{"@type":"EntryPoint","urlTemplate":"https:\/\/avgs-gutschein.de\/es\/?s={search_term_string}"},"query-input":{"@type":"PropertyValueSpecification","valueRequired":true,"valueName":"search_term_string"}}],"inLanguage":"es"}]}},"_links":{"self":[{"href":"https:\/\/avgs-gutschein.de\/es\/wp-json\/wp\/v2\/pages\/7134","targetHints":{"allow":["GET"]}}],"collection":[{"href":"https:\/\/avgs-gutschein.de\/es\/wp-json\/wp\/v2\/pages"}],"about":[{"href":"https:\/\/avgs-gutschein.de\/es\/wp-json\/wp\/v2\/types\/page"}],"author":[{"embeddable":true,"href":"https:\/\/avgs-gutschein.de\/es\/wp-json\/wp\/v2\/users\/1"}],"replies":[{"embeddable":true,"href":"https:\/\/avgs-gutschein.de\/es\/wp-json\/wp\/v2\/comments?post=7134"}],"version-history":[{"count":3,"href":"https:\/\/avgs-gutschein.de\/es\/wp-json\/wp\/v2\/pages\/7134\/revisions"}],"predecessor-version":[{"id":7156,"href":"https:\/\/avgs-gutschein.de\/es\/wp-json\/wp\/v2\/pages\/7134\/revisions\/7156"}],"wp:attachment":[{"href":"https:\/\/avgs-gutschein.de\/es\/wp-json\/wp\/v2\/media?parent=7134"}],"curies":[{"name":"wp","href":"https:\/\/api.w.org\/{rel}","templated":true}]}}