{"id":5846,"date":"2023-12-13T09:53:06","date_gmt":"2023-12-13T08:53:06","guid":{"rendered":"https:\/\/avgs-gutschein.de\/nuestras-entrenadoras\/jessika-rose\/"},"modified":"2024-10-17T11:59:58","modified_gmt":"2024-10-17T09:59:58","slug":"jessika-rose","status":"publish","type":"page","link":"https:\/\/avgs-gutschein.de\/es\/nuestrxs-entrenadorxs\/jessika-rose\/","title":{"rendered":"Jessika Rose"},"content":{"rendered":"<p>[et_pb_section fb_built=\u00bb1&#8243; module_class=\u00bbcoaches-img\u00bb _builder_version=\u00bb4.24.0&#8243; _module_preset=\u00bbdefault\u00bb background_color=\u00bb#e0e0e0&#8243; custom_padding=\u00bb0px||0px||true|false\u00bb global_colors_info=\u00bb{}\u00bb][et_pb_row column_structure=\u00bb2_5,3_5&#8243; use_custom_gutter=\u00bbon\u00bb make_equal=\u00bbon\u00bb _builder_version=\u00bb4.23.1&#8243; _module_preset=\u00bbdefault\u00bb custom_padding=\u00bb0px||0px||true|false\u00bb global_colors_info=\u00bb{}\u00bb][et_pb_column type=\u00bb2_5&#8243; _builder_version=\u00bb4.23.1&#8243; _module_preset=\u00bbdefault\u00bb background_image=\u00bbhttps:\/\/avgs-gutschein.de\/wp-content\/uploads\/2023\/12\/090_Rose_LotteOstermann.webp\u00bb custom_padding_tablet=\u00bb38vw||38vw||true|false\u00bb custom_padding_phone=\u00bb38vw||38vw||true|false\u00bb custom_padding_last_edited=\u00bbon|tablet\u00bb global_colors_info=\u00bb{}\u00bb][\/et_pb_column][et_pb_column type=\u00bb3_5&#8243; _builder_version=\u00bb4.23.1&#8243; _module_preset=\u00bbdefault\u00bb custom_padding=\u00bb3vw||3vw||true|false\u00bb custom_padding_tablet=\u00bb3vw||3vw||true|false\u00bb custom_padding_phone=\u00bb8vw||10vw||false|false\u00bb custom_padding_last_edited=\u00bbon|phone\u00bb global_colors_info=\u00bb{}\u00bb][et_pb_text _builder_version=\u00bb4.23.1&#8243; _module_preset=\u00bbdefault\u00bb header_font=\u00bb|800|||||||\u00bb header_text_color=\u00bb#000000&#8243; global_colors_info=\u00bb{}\u00bb]<\/p>\n<h1>Jessika Rose<\/h1>\n<p>[\/et_pb_text][et_pb_text module_class=\u00bbsub-prof\u00bb _builder_version=\u00bb4.27.2&#8243; _module_preset=\u00bbdefault\u00bb text_text_color=\u00bb#000000&#8243; global_colors_info=\u00bb{}\u00bb]<\/p>\n<div class=\"coach-desc\">\n<p><strong>Producto:<\/strong> Coaching laboral, asesoramiento para la creaci\u00f3n de empresas<\/p>\n<hr \/>\n<p><strong>Idioma(s) del coaching: <\/strong>alem\u00e1n, ingl\u00e9s<\/p>\n<hr \/>\n<p><strong>Formaci\u00f3n\/certificaciones en coaching: <\/strong>coach personal y empresarial (nivel m\u00e1ster), coach de equipos (nivel m\u00e1ster), coach Synamik\u00ae (constelaciones sist\u00e9micas), coach Wingwave\u00ae, perfilador de personalidad certificado por LINC, formador en resiliencia<\/p>\n<hr \/>\n<p><strong>Experiencia en el sector: <\/strong>consultor\u00eda\/coaching, servicios, marketing\/comunicaci\u00f3n<\/p>\n<\/div>\n<p>[\/et_pb_text][et_pb_button button_url=\u00bb\/es\/nuestrxs-entrenadorxs\/jessika-rose\/#kontakt-jessika\u00bb button_text=\u00bbReserva una consulta inicial\u00bb _builder_version=\u00bb4.27.2&#8243; _module_preset=\u00bbdefault\u00bb custom_button=\u00bbon\u00bb button_text_size=\u00bb16px\u00bb button_text_color=\u00bb#ffffff\u00bb button_bg_color=\u00bb#cd222a\u00bb button_border_width=\u00bb0px\u00bb button_border_color=\u00bb#FFFFFF\u00bb hover_enabled=\u00bb0&#8243; global_colors_info=\u00bb{}\u00bb sticky_enabled=\u00bb0&#8243;][\/et_pb_button][\/et_pb_column][\/et_pb_row][\/et_pb_section][et_pb_section fb_built=\u00bb1&#8243; _builder_version=\u00bb4.23.1&#8243; _module_preset=\u00bbdefault\u00bb global_colors_info=\u00bb{}\u00bb][et_pb_row column_structure=\u00bb2_3,1_3&#8243; use_custom_gutter=\u00bbon\u00bb make_equal=\u00bbon\u00bb _builder_version=\u00bb4.23.1&#8243; _module_preset=\u00bbdefault\u00bb global_colors_info=\u00bb{}\u00bb][et_pb_column type=\u00bb2_3&#8243; _builder_version=\u00bb4.23.1&#8243; _module_preset=\u00bbdefault\u00bb custom_padding=\u00bb|3vw|||false|false\u00bb border_width_right=\u00bb1px\u00bb border_color_right=\u00bb#cd222a\u00bb global_colors_info=\u00bb{}\u00bb][et_pb_text module_class=\u00bbprof-question\u00bb _builder_version=\u00bb4.27.2&#8243; _module_preset=\u00bbdefault\u00bb text_text_color=\u00bb#cd222a\u00bb text_font_size=\u00bb24px\u00bb global_colors_info=\u00bb{}\u00bb]1. \u00bfQu\u00e9 te hace ser coach\/formador?[\/et_pb_text][et_pb_text module_class=\u00bbprof-answer\u00bb _builder_version=\u00bb4.27.2&#8243; _module_preset=\u00bbdefault\u00bb text_font=\u00bb|300|||||||\u00bb text_font_size=\u00bb18px\u00bb text_line_height=\u00bb2em\u00bb link_text_color=\u00bb#cd222a\u00bb global_colors_info=\u00bb{}\u00bb]Un amplio espectro de cualificaciones, combinado con una gran experiencia pr\u00e1ctica y personal, una actitud sist\u00e9mica y un gran sentido de las cuestiones que se esconden detr\u00e1s de las cuestiones.[\/et_pb_text][et_pb_text module_class=\u00bbprof-question\u00bb _builder_version=\u00bb4.27.2&#8243; _module_preset=\u00bbdefault\u00bb text_text_color=\u00bb#cd222a\u00bb text_font_size=\u00bb24px\u00bb global_colors_info=\u00bb{}\u00bb]2. \u00bfQu\u00e9 es lo que m\u00e1s te satisface de tu trabajo?[\/et_pb_text][et_pb_text module_class=\u00bbprof-answer\u00bb _builder_version=\u00bb4.27.2&#8243; _module_preset=\u00bbdefault\u00bb text_font=\u00bb|300|||||||\u00bb text_font_size=\u00bb18px\u00bb text_line_height=\u00bb2em\u00bb link_font=\u00bb||||on||||\u00bb link_text_color=\u00bb#cd222a\u00bb global_colors_info=\u00bb{}\u00bb]Ayudar a las personas a descubrir su potencial existente y, de ese modo, recuperar su fuerza.[\/et_pb_text][et_pb_text module_class=\u00bbprof-question\u00bb _builder_version=\u00bb4.27.2&#8243; _module_preset=\u00bbdefault\u00bb text_text_color=\u00bb#cd222a\u00bb text_font_size=\u00bb24px\u00bb global_colors_info=\u00bb{}\u00bb]3. \u00bfQu\u00e9 dicen de ti tus clientes?[\/et_pb_text][et_pb_text module_class=\u00bbprof-answer\u00bb _builder_version=\u00bb4.27.2&#8243; _module_preset=\u00bbdefault\u00bb text_font=\u00bb|300|||||||\u00bb text_font_size=\u00bb18px\u00bb text_line_height=\u00bb2em\u00bb global_colors_info=\u00bb{}\u00bb]Jessika es muy c\u00e1lida, sensible, una observadora aguda y absolutamente competente. Me ayud\u00f3 a crear claridad y a resolver bloqueos con las preguntas, ejercicios y elementos de reflexi\u00f3n adecuados.[\/et_pb_text][et_pb_text module_class=\u00bbprof-question\u00bb _builder_version=\u00bb4.27.2&#8243; _module_preset=\u00bbdefault\u00bb text_text_color=\u00bb#cd222a\u00bb text_font_size=\u00bb24px\u00bb global_colors_info=\u00bb{}\u00bb]4. \u00bfQu\u00e9 te motiva y cu\u00e1l es tu tarea favorita como coach\/formador?[\/et_pb_text][et_pb_text module_class=\u00bbprof-answer\u00bb _builder_version=\u00bb4.27.2&#8243; _module_preset=\u00bbdefault\u00bb text_font=\u00bb|300|||||||\u00bb text_font_size=\u00bb18px\u00bb text_line_height=\u00bb2em\u00bb link_font=\u00bb||||on||||\u00bb link_text_color=\u00bb#cd222a\u00bb global_colors_info=\u00bb{}\u00bb]Encontrarse en igualdad de condiciones y aprender escuchando.[\/et_pb_text][et_pb_text module_class=\u00bbprof-question\u00bb _builder_version=\u00bb4.27.2&#8243; _module_preset=\u00bbdefault\u00bb text_text_color=\u00bb#cd222a\u00bb text_font_size=\u00bb24px\u00bb global_colors_info=\u00bb{}\u00bb]5. \u00bfDe qu\u00e9 est\u00e1s especialmente orgulloso cuando piensas en tu carrera?[\/et_pb_text][et_pb_text module_class=\u00bbprof-answer\u00bb _builder_version=\u00bb4.27.2&#8243; _module_preset=\u00bbdefault\u00bb text_font=\u00bb|300|||||||\u00bb text_font_size=\u00bb18px\u00bb text_line_height=\u00bb2em\u00bb link_font=\u00bb||||on||||\u00bb link_text_color=\u00bb#cd222a\u00bb global_colors_info=\u00bb{}\u00bb]Tener el coraje de dejar el camino que originalmente tomaste y empezar de cero.[\/et_pb_text][et_pb_text module_class=\u00bbprof-question\u00bb _builder_version=\u00bb4.27.2&#8243; _module_preset=\u00bbdefault\u00bb text_text_color=\u00bb#cd222a\u00bb text_font_size=\u00bb24px\u00bb global_colors_info=\u00bb{}\u00bb]6. \u00bfC\u00f3mo reconoces a un buen coach?[\/et_pb_text][et_pb_text module_class=\u00bbprof-answer\u00bb _builder_version=\u00bb4.27.2&#8243; _module_preset=\u00bbdefault\u00bb text_font=\u00bb|300|||||||\u00bb text_font_size=\u00bb18px\u00bb text_line_height=\u00bb2em\u00bb link_font=\u00bb||||on||||\u00bb link_text_color=\u00bb#cd222a\u00bb global_colors_info=\u00bb{}\u00bb]Sellos de calidad, que representan una s\u00f3lida formaci\u00f3n en coaching, la pertenencia a asociaciones profesionales, una actitud de coaching coherente y no saber la soluci\u00f3n.[\/et_pb_text][et_pb_text module_class=\u00bbprof-question\u00bb _builder_version=\u00bb4.27.2&#8243; _module_preset=\u00bbdefault\u00bb text_text_color=\u00bb#cd222a\u00bb text_font_size=\u00bb24px\u00bb global_colors_info=\u00bb{}\u00bb]7. En tus propias palabras: \u00bfQu\u00e9 hace un coach?[\/et_pb_text][et_pb_text module_class=\u00bbprof-answer\u00bb _builder_version=\u00bb4.27.2&#8243; _module_preset=\u00bbdefault\u00bb text_font=\u00bb|300|||||||\u00bb text_font_size=\u00bb18px\u00bb text_line_height=\u00bb2em\u00bb link_font=\u00bb||||on||||\u00bb link_text_color=\u00bb#cd222a\u00bb global_colors_info=\u00bb{}\u00bb]Un coach no resuelve nada para los dem\u00e1s. Acompa\u00f1a a sus coachees en el camino hacia su propia soluci\u00f3n. Es el conductor del autob\u00fas, por as\u00ed decirlo, y por lo tanto no solo es un experto en el proceso correcto, sino tambi\u00e9n un compa\u00f1ero en el camino hacia la meta.[\/et_pb_text][\/et_pb_column][et_pb_column type=\u00bb1_3&#8243; _builder_version=\u00bb4.23.1&#8243; _module_preset=\u00bbdefault\u00bb global_colors_info=\u00bb{}\u00bb][et_pb_blurb title=\u00bbUbicaci\u00f3n\u00bb use_icon=\u00bbon\u00bb font_icon=\u00bb&#xe01d;||divi||400&#8243; icon_color=\u00bb#cd222a\u00bb image_icon_width=\u00bb40px\u00bb icon_alignment=\u00bbleft\u00bb _builder_version=\u00bb4.27.2&#8243; _module_preset=\u00bbdefault\u00bb header_level=\u00bbh2&#8243; body_font_size=\u00bb18px\u00bb body_line_height=\u00bb1.8em\u00bb global_colors_info=\u00bb{}\u00bb]Presencia online en toda Alemania en: Berl\u00edn[\/et_pb_blurb][et_pb_blurb title=\u00bbFormaci\u00f3n profesional y experiencia profesional:\u00bb use_icon=\u00bbon\u00bb font_icon=\u00bb&#xf19d;||fa||900&#8243; icon_color=\u00bb#cd222a\u00bb image_icon_width=\u00bb40px\u00bb icon_alignment=\u00bbleft\u00bb _builder_version=\u00bb4.27.2&#8243; _module_preset=\u00bbdefault\u00bb header_level=\u00bbh2&#8243; header_line_height=\u00bb1.2em\u00bb body_font_size=\u00bb18px\u00bb body_line_height=\u00bb1.8em\u00bb global_colors_info=\u00bb{}\u00bb]15 a\u00f1os de gesti\u00f3n en la antigua y nueva econom\u00eda, estudios de derecho[\/et_pb_blurb][et_pb_blurb title=\u00bbIntereses personales\u00bb use_icon=\u00bbon\u00bb font_icon=\u00bb&#xe030;||divi||400&#8243; icon_color=\u00bb#cd222a\u00bb image_icon_width=\u00bb40px\u00bb icon_alignment=\u00bbleft\u00bb _builder_version=\u00bb4.27.2&#8243; _module_preset=\u00bbdefault\u00bb header_level=\u00bbh2&#8243; header_line_height=\u00bb1.2em\u00bb body_font_size=\u00bb18px\u00bb body_line_height=\u00bb1.8em\u00bb global_colors_info=\u00bb{}\u00bb]Formaci\u00f3n y desarrollo de la personalidad, resiliencia, estr\u00e9s[\/et_pb_blurb][\/et_pb_column][\/et_pb_row][et_pb_row module_id=\u00bbkontakt-jessika\u00bb _builder_version=\u00bb4.23.4&#8243; _module_preset=\u00bbdefault\u00bb global_colors_info=\u00bb{}\u00bb][et_pb_column type=\u00bb4_4&#8243; _builder_version=\u00bb4.23.1&#8243; _module_preset=\u00bbdefault\u00bb global_colors_info=\u00bb{}\u00bb][et_pb_text _builder_version=\u00bb4.27.2&#8243; _module_preset=\u00bbdefault\u00bb header_2_text_color=\u00bb#cd222a\u00bb header_2_font_size=\u00bb30px\u00bb global_colors_info=\u00bb{}\u00bb]<\/p>\n<h2>Solicitud de coaching de AVGS para Jessika Rose<\/h2>\n<p>[\/et_pb_text][et_pb_text _builder_version=\u00bb4.27.2&#8243; _module_preset=\u00bbdefault\u00bb text_font_size=\u00bb18px\u00bb text_line_height=\u00bb2em\u00bb global_colors_info=\u00bb{}\u00bb]Le enviaremos sus datos a Jessika Rose para que pueda contactarte lo antes posible con una fecha sugerida para una consulta inicial sin compromiso. \u00bfQu\u00e9 solicitud de coaching de AVGS tienes?[\/et_pb_text][et_pb_code module_class=\u00bbcf-kntkt-form cf-sub-kntkt-form\u00bb _builder_version=\u00bb4.23.1&#8243; _module_preset=\u00bbdefault\u00bb global_colors_info=\u00bb{}\u00bb]\n<div class=\"wpcf7 no-js\" id=\"wpcf7-f5981-o1\" lang=\"es-ES\" dir=\"ltr\" data-wpcf7-id=\"5981\">\n<div class=\"screen-reader-response\"><p role=\"status\" aria-live=\"polite\" aria-atomic=\"true\"><\/p> <ul><\/ul><\/div>\n<form action=\"\/es\/wp-json\/wp\/v2\/pages\/5846#wpcf7-f5981-o1\" method=\"post\" class=\"wpcf7-form init\" aria-label=\"Formulario de contacto\" novalidate=\"novalidate\" data-status=\"init\">\n<fieldset class=\"hidden-fields-container\"><input type=\"hidden\" name=\"_wpcf7\" value=\"5981\" \/><input type=\"hidden\" name=\"_wpcf7_version\" value=\"6.1.2\" \/><input type=\"hidden\" name=\"_wpcf7_locale\" value=\"es_ES\" \/><input type=\"hidden\" name=\"_wpcf7_unit_tag\" value=\"wpcf7-f5981-o1\" \/><input type=\"hidden\" name=\"_wpcf7_container_post\" value=\"0\" \/><input type=\"hidden\" name=\"_wpcf7_posted_data_hash\" value=\"\" \/>\n<\/fieldset>\n<div class=\"w3-row\">\n\t<div class=\"w3-col\">\n\t\t<p><span class=\"wpcf7-form-control-wrap\" data-name=\"what-can-we-do-for-you-answer\"><span class=\"wpcf7-form-control wpcf7-checkbox checkbox\"><span class=\"wpcf7-list-item first\"><label><input type=\"checkbox\" name=\"what-can-we-do-for-you-answer[]\" value=\"Jobcoaching\" \/><span class=\"wpcf7-list-item-label\">Jobcoaching<\/span><\/label><\/span><span class=\"wpcf7-list-item last\"><label><input type=\"checkbox\" name=\"what-can-we-do-for-you-answer[]\" value=\"Gr\u00fcndungsberatung\" \/><span class=\"wpcf7-list-item-label\">Gr\u00fcndungsberatung<\/span><\/label><\/span><\/span><\/span>\n\t\t<\/p>\n\t<\/div>\n<\/div>\n<div class=\"w3-row\">\n\t<div class=\"w3-col\">\n\t\t<p><label>Vor- und Nachname<\/label><br \/>\n<span class=\"wpcf7-form-control-wrap\" data-name=\"Vor-und-Nachname\"><input size=\"40\" maxlength=\"400\" class=\"wpcf7-form-control wpcf7-text wpcf7-validates-as-required\" autocomplete=\"off\" aria-required=\"true\" aria-invalid=\"false\" value=\"\" type=\"text\" name=\"Vor-und-Nachname\" \/><\/span>\n\t\t<\/p>\n\t<\/div>\n<\/div>\n<div class=\"w3-row\">\n\t<div class=\"w3-col\">\n\t\t<p><label>Telefonnummer<\/label><br \/>\n<span class=\"wpcf7-form-control-wrap\" data-name=\"telefonnummer\"><input size=\"40\" maxlength=\"400\" class=\"wpcf7-form-control wpcf7-tel wpcf7-text wpcf7-validates-as-tel\" autocomplete=\"off\" aria-invalid=\"false\" value=\"\" type=\"tel\" name=\"telefonnummer\" \/><\/span>\n\t\t<\/p>\n\t<\/div>\n\t<div class=\"w3-col\">\n\t\t<p><label>E-Mail-Adresse<\/label><br \/>\n<span class=\"wpcf7-form-control-wrap\" data-name=\"your-email\"><input size=\"40\" maxlength=\"400\" class=\"wpcf7-form-control wpcf7-email wpcf7-validates-as-required wpcf7-text wpcf7-validates-as-email\" autocomplete=\"off\" aria-required=\"true\" aria-invalid=\"false\" value=\"\" type=\"email\" name=\"your-email\" \/><\/span>\n\t\t<\/p>\n\t<\/div>\n<\/div>\n<div class=\"w3-row\">\n\t<div class=\"w3-col\">\n\t\t<p><label>Mitteilung<\/label>\n\t\t<\/p>\n\t<\/div>\n\t<div class=\"w3-col\">\n\t\t<p><span class=\"wpcf7-form-control-wrap\" data-name=\"mitteilung\"><textarea cols=\"40\" rows=\"10\" maxlength=\"2000\" class=\"wpcf7-form-control wpcf7-textarea\" aria-invalid=\"false\" placeholder=\"max 500 Zeichen\" name=\"mitteilung\"><\/textarea><\/span>\n\t\t<\/p>\n\t<\/div>\n<\/div>\n<div class=\"w3-row\">\n\t<div class=\"w3-col\">\n\t\t<p><label>Wie haben Sie uns gefunden?<\/label>\n\t\t<\/p>\n\t<\/div>\n<\/div>\n<div class=\"w3-row\">\n\t<div class=\"w3-col\">\n\t\t<p><span class=\"wpcf7-form-control-wrap\" data-name=\"how-did-you-find-us-answer\"><span class=\"wpcf7-form-control wpcf7-checkbox checkbox\"><span class=\"wpcf7-list-item first\"><label><input type=\"checkbox\" name=\"how-did-you-find-us-answer[]\" value=\"Pers\u00f6nliche Empfehlung\" \/><span class=\"wpcf7-list-item-label\">Pers\u00f6nliche Empfehlung<\/span><\/label><\/span><span class=\"wpcf7-list-item\"><label><input type=\"checkbox\" name=\"how-did-you-find-us-answer[]\" value=\"Internetsuche\" \/><span class=\"wpcf7-list-item-label\">Internetsuche<\/span><\/label><\/span><span class=\"wpcf7-list-item last\"><label><input type=\"checkbox\" name=\"how-did-you-find-us-answer[]\" value=\"Social Media\" \/><span class=\"wpcf7-list-item-label\">Social Media<\/span><\/label><\/span><\/span><\/span>\n\t\t<\/p>\n\t<\/div>\n<\/div>\n<div class=\"w3-row\">\n\t<div class=\"w3-col\">\n\t\t<p><label>Datenschutz<\/label><br \/>\n<span class=\"wpcf7-form-control-wrap\" data-name=\"datenschutz\"><span class=\"wpcf7-form-control wpcf7-checkbox wpcf7-validates-as-required\"><span class=\"wpcf7-list-item first last\"><input type=\"checkbox\" name=\"datenschutz[]\" value=\"Ich willige in die Verarbeitung meiner oben angegebenen personenbezogenen Daten zum Zwecke des Erhalts von Informationen zu Coachings ein. Meine Daten werden ggfls. zur Kontaktaufnahme an die zu vermittelten Coaches weitergegeben. Die weiteren Informationen zur Verarbeitung meiner Daten habe ich zur Kenntnis genommen. Ich bin mir bewusst, dass ich die erteilten Einwilligungen jederzeit telefonisch oder mit einer formlosen Mitteilung per E-Mail an kontakt@beratung-westphal.de widerrufen kann.\" \/><span class=\"wpcf7-list-item-label\">Ich willige in die Verarbeitung meiner oben angegebenen personenbezogenen Daten zum Zwecke des Erhalts von Informationen zu Coachings ein. Meine Daten werden ggfls. zur Kontaktaufnahme an die zu vermittelten Coaches weitergegeben. Die weiteren Informationen zur Verarbeitung meiner Daten habe ich zur Kenntnis genommen. Ich bin mir bewusst, dass ich die erteilten Einwilligungen jederzeit telefonisch oder mit einer formlosen Mitteilung per E-Mail an kontakt@beratung-westphal.de widerrufen kann.<\/span><\/span><\/span><\/span>\n\t\t<\/p>\n\t<\/div>\n<\/div>\n<div class=\"w3-row\">\n\t<div class=\"w3-col\">\n\t\t<p><span class=\"wpcf7-form-control-wrap\" data-name=\"quiz-827\"><label><span class=\"wpcf7-quiz-label\">11 x 2 = ?<\/span> <input size=\"40\" class=\"wpcf7-form-control wpcf7-quiz\" autocomplete=\"off\" aria-required=\"true\" aria-invalid=\"false\" type=\"text\" name=\"quiz-827\" \/><\/label><input type=\"hidden\" name=\"_wpcf7_quiz_answer_quiz-827\" value=\"a165ff3442d955aabdac0dd4e20ac2b0\" \/><\/span>\n\t\t<\/p>\n\t<\/div>\n<\/div>\n<center>\n\t<div class=\"w3-row\">\n\t\t<div class=\"w3-col\">\n\t\t\t<p><input class=\"wpcf7-form-control wpcf7-submit has-spinner pc-button bg-primary-color square-button primary-border-color\" type=\"submit\" value=\"Senden\" \/>\n\t\t\t<\/p>\n\t\t<\/div>\n\t<\/div>\n<\/center><div class=\"frc-captcha \" data-sitekey=\"FCMIVM5H8K1HPA6F\" data-lang=\"es\" ><\/div>\n\t\t<noscript>You need to enable Javascript for the anti-spam check.<\/noscript><div class=\"wpcf7-response-output\" aria-hidden=\"true\"><\/div>\n<\/form>\n<\/div>\n[\/et_pb_code][\/et_pb_column][\/et_pb_row][\/et_pb_section]<\/p>\n","protected":false},"excerpt":{"rendered":"<p>Jessika Rose Producto: Coaching laboral, asesoramiento para la creaci\u00f3n de empresas Idioma(s) del coaching: alem\u00e1n, ingl\u00e9s Formaci\u00f3n\/certificaciones en coaching: coach personal y empresarial (nivel m\u00e1ster), coach de equipos (nivel m\u00e1ster), coach Synamik\u00ae (constelaciones sist\u00e9micas), coach Wingwave\u00ae, perfilador de personalidad certificado por LINC, formador en resiliencia Experiencia en el sector: consultor\u00eda\/coaching, servicios, marketing\/comunicaci\u00f3n 1. \u00bfQu\u00e9 te [&hellip;]<\/p>\n","protected":false},"author":1,"featured_media":0,"parent":5247,"menu_order":0,"comment_status":"closed","ping_status":"closed","template":"","meta":{"_et_pb_use_builder":"on","_et_pb_old_content":"<!-- wp:divi\/placeholder \/-->","_et_gb_content_width":"","footnotes":""},"class_list":["post-5846","page","type-page","status-publish","hentry"],"yoast_head":"<!-- This site is optimized with the Yoast SEO plugin v26.0 - https:\/\/yoast.com\/wordpress\/plugins\/seo\/ -->\n<title>Jessika Rose | Asesoramiento para start-ups en Berl\u00edn y online<\/title>\n<meta name=\"description\" content=\"Tras estudiar Derecho, Jessika Rose ha adquirido 15 a\u00f1os de experiencia como gerente. Trata a los clientes como iguales. El coaching tambi\u00e9n est\u00e1 disponible en ingl\u00e9s.\" \/>\n<meta name=\"robots\" content=\"index, follow, max-snippet:-1, max-image-preview:large, max-video-preview:-1\" \/>\n<link rel=\"canonical\" href=\"https:\/\/avgs-gutschein.de\/es\/nuestrxs-entrenadorxs\/jessika-rose\/\" \/>\n<meta property=\"og:locale\" content=\"es_ES\" \/>\n<meta property=\"og:type\" content=\"article\" \/>\n<meta property=\"og:title\" content=\"Jessika Rose | Asesoramiento para start-ups en Berl\u00edn y online\" \/>\n<meta property=\"og:description\" content=\"Tras estudiar Derecho, Jessika Rose ha adquirido 15 a\u00f1os de experiencia como gerente. Trata a los clientes como iguales. El coaching tambi\u00e9n est\u00e1 disponible en ingl\u00e9s.\" \/>\n<meta property=\"og:url\" content=\"https:\/\/avgs-gutschein.de\/es\/nuestrxs-entrenadorxs\/jessika-rose\/\" \/>\n<meta property=\"og:site_name\" content=\"AVGS Gutschein\" \/>\n<meta property=\"article:modified_time\" content=\"2024-10-17T09:59:58+00:00\" \/>\n<meta name=\"twitter:card\" content=\"summary_large_image\" \/>\n<meta name=\"twitter:label1\" content=\"Tiempo de lectura\" \/>\n\t<meta name=\"twitter:data1\" content=\"3 minutos\" \/>\n<script type=\"application\/ld+json\" class=\"yoast-schema-graph\">{\"@context\":\"https:\/\/schema.org\",\"@graph\":[{\"@type\":\"WebPage\",\"@id\":\"https:\/\/avgs-gutschein.de\/es\/nuestrxs-entrenadorxs\/jessika-rose\/\",\"url\":\"https:\/\/avgs-gutschein.de\/es\/nuestrxs-entrenadorxs\/jessika-rose\/\",\"name\":\"Jessika Rose | Asesoramiento para start-ups en Berl\u00edn y online\",\"isPartOf\":{\"@id\":\"https:\/\/avgs-gutschein.de\/es\/#website\"},\"datePublished\":\"2023-12-13T08:53:06+00:00\",\"dateModified\":\"2024-10-17T09:59:58+00:00\",\"description\":\"Tras estudiar Derecho, Jessika Rose ha adquirido 15 a\u00f1os de experiencia como gerente. Trata a los clientes como iguales. El coaching tambi\u00e9n est\u00e1 disponible en ingl\u00e9s.\",\"breadcrumb\":{\"@id\":\"https:\/\/avgs-gutschein.de\/es\/nuestrxs-entrenadorxs\/jessika-rose\/#breadcrumb\"},\"inLanguage\":\"es\",\"potentialAction\":[{\"@type\":\"ReadAction\",\"target\":[\"https:\/\/avgs-gutschein.de\/es\/nuestrxs-entrenadorxs\/jessika-rose\/\"]}]},{\"@type\":\"BreadcrumbList\",\"@id\":\"https:\/\/avgs-gutschein.de\/es\/nuestrxs-entrenadorxs\/jessika-rose\/#breadcrumb\",\"itemListElement\":[{\"@type\":\"ListItem\",\"position\":1,\"name\":\"Startseite\",\"item\":\"https:\/\/avgs-gutschein.de\/es\/\"},{\"@type\":\"ListItem\",\"position\":2,\"name\":\"Nuestrxs entrenadorxs\",\"item\":\"https:\/\/avgs-gutschein.de\/es\/unsere-coaches\/\"},{\"@type\":\"ListItem\",\"position\":3,\"name\":\"Jessika Rose\"}]},{\"@type\":\"WebSite\",\"@id\":\"https:\/\/avgs-gutschein.de\/es\/#website\",\"url\":\"https:\/\/avgs-gutschein.de\/es\/\",\"name\":\"AVGS Gutschein\",\"description\":\"\",\"potentialAction\":[{\"@type\":\"SearchAction\",\"target\":{\"@type\":\"EntryPoint\",\"urlTemplate\":\"https:\/\/avgs-gutschein.de\/es\/?s={search_term_string}\"},\"query-input\":{\"@type\":\"PropertyValueSpecification\",\"valueRequired\":true,\"valueName\":\"search_term_string\"}}],\"inLanguage\":\"es\"}]}<\/script>\n<!-- \/ Yoast SEO plugin. -->","yoast_head_json":{"title":"Jessika Rose | Asesoramiento para start-ups en Berl\u00edn y online","description":"Tras estudiar Derecho, Jessika Rose ha adquirido 15 a\u00f1os de experiencia como gerente. Trata a los clientes como iguales. El coaching tambi\u00e9n est\u00e1 disponible en ingl\u00e9s.","robots":{"index":"index","follow":"follow","max-snippet":"max-snippet:-1","max-image-preview":"max-image-preview:large","max-video-preview":"max-video-preview:-1"},"canonical":"https:\/\/avgs-gutschein.de\/es\/nuestrxs-entrenadorxs\/jessika-rose\/","og_locale":"es_ES","og_type":"article","og_title":"Jessika Rose | Asesoramiento para start-ups en Berl\u00edn y online","og_description":"Tras estudiar Derecho, Jessika Rose ha adquirido 15 a\u00f1os de experiencia como gerente. Trata a los clientes como iguales. El coaching tambi\u00e9n est\u00e1 disponible en ingl\u00e9s.","og_url":"https:\/\/avgs-gutschein.de\/es\/nuestrxs-entrenadorxs\/jessika-rose\/","og_site_name":"AVGS Gutschein","article_modified_time":"2024-10-17T09:59:58+00:00","twitter_card":"summary_large_image","twitter_misc":{"Tiempo de lectura":"3 minutos"},"schema":{"@context":"https:\/\/schema.org","@graph":[{"@type":"WebPage","@id":"https:\/\/avgs-gutschein.de\/es\/nuestrxs-entrenadorxs\/jessika-rose\/","url":"https:\/\/avgs-gutschein.de\/es\/nuestrxs-entrenadorxs\/jessika-rose\/","name":"Jessika Rose | Asesoramiento para start-ups en Berl\u00edn y online","isPartOf":{"@id":"https:\/\/avgs-gutschein.de\/es\/#website"},"datePublished":"2023-12-13T08:53:06+00:00","dateModified":"2024-10-17T09:59:58+00:00","description":"Tras estudiar Derecho, Jessika Rose ha adquirido 15 a\u00f1os de experiencia como gerente. Trata a los clientes como iguales. El coaching tambi\u00e9n est\u00e1 disponible en ingl\u00e9s.","breadcrumb":{"@id":"https:\/\/avgs-gutschein.de\/es\/nuestrxs-entrenadorxs\/jessika-rose\/#breadcrumb"},"inLanguage":"es","potentialAction":[{"@type":"ReadAction","target":["https:\/\/avgs-gutschein.de\/es\/nuestrxs-entrenadorxs\/jessika-rose\/"]}]},{"@type":"BreadcrumbList","@id":"https:\/\/avgs-gutschein.de\/es\/nuestrxs-entrenadorxs\/jessika-rose\/#breadcrumb","itemListElement":[{"@type":"ListItem","position":1,"name":"Startseite","item":"https:\/\/avgs-gutschein.de\/es\/"},{"@type":"ListItem","position":2,"name":"Nuestrxs entrenadorxs","item":"https:\/\/avgs-gutschein.de\/es\/unsere-coaches\/"},{"@type":"ListItem","position":3,"name":"Jessika Rose"}]},{"@type":"WebSite","@id":"https:\/\/avgs-gutschein.de\/es\/#website","url":"https:\/\/avgs-gutschein.de\/es\/","name":"AVGS Gutschein","description":"","potentialAction":[{"@type":"SearchAction","target":{"@type":"EntryPoint","urlTemplate":"https:\/\/avgs-gutschein.de\/es\/?s={search_term_string}"},"query-input":{"@type":"PropertyValueSpecification","valueRequired":true,"valueName":"search_term_string"}}],"inLanguage":"es"}]}},"_links":{"self":[{"href":"https:\/\/avgs-gutschein.de\/es\/wp-json\/wp\/v2\/pages\/5846","targetHints":{"allow":["GET"]}}],"collection":[{"href":"https:\/\/avgs-gutschein.de\/es\/wp-json\/wp\/v2\/pages"}],"about":[{"href":"https:\/\/avgs-gutschein.de\/es\/wp-json\/wp\/v2\/types\/page"}],"author":[{"embeddable":true,"href":"https:\/\/avgs-gutschein.de\/es\/wp-json\/wp\/v2\/users\/1"}],"replies":[{"embeddable":true,"href":"https:\/\/avgs-gutschein.de\/es\/wp-json\/wp\/v2\/comments?post=5846"}],"version-history":[{"count":5,"href":"https:\/\/avgs-gutschein.de\/es\/wp-json\/wp\/v2\/pages\/5846\/revisions"}],"predecessor-version":[{"id":7110,"href":"https:\/\/avgs-gutschein.de\/es\/wp-json\/wp\/v2\/pages\/5846\/revisions\/7110"}],"up":[{"embeddable":true,"href":"https:\/\/avgs-gutschein.de\/es\/wp-json\/wp\/v2\/pages\/5247"}],"wp:attachment":[{"href":"https:\/\/avgs-gutschein.de\/es\/wp-json\/wp\/v2\/media?parent=5846"}],"curies":[{"name":"wp","href":"https:\/\/api.w.org\/{rel}","templated":true}]}}