{"id":4977,"date":"2024-01-23T08:27:06","date_gmt":"2024-01-23T07:27:06","guid":{"rendered":"https:\/\/avgs-gutschein.de\/our-coaches\/bjoern-holm\/"},"modified":"2025-10-07T09:23:56","modified_gmt":"2025-10-07T07:23:56","slug":"bjoern-holm","status":"publish","type":"page","link":"https:\/\/avgs-gutschein.de\/en\/our-coaches\/bjoern-holm\/","title":{"rendered":"Bj\u00f6rn Holm"},"content":{"rendered":"<p>[et_pb_section fb_built=&#8221;1&#8243; module_class=&#8221;coaches-img&#8221; _builder_version=&#8221;4.24.0&#8243; _module_preset=&#8221;default&#8221; background_color=&#8221;#e0e0e0&#8243; custom_padding=&#8221;0px||0px||true|false&#8221; global_colors_info=&#8221;{}&#8221;][et_pb_row column_structure=&#8221;2_5,3_5&#8243; use_custom_gutter=&#8221;on&#8221; make_equal=&#8221;on&#8221; _builder_version=&#8221;4.24.0&#8243; _module_preset=&#8221;default&#8221; custom_padding=&#8221;0px||0px||true|false&#8221; global_colors_info=&#8221;{}&#8221;][et_pb_column type=&#8221;2_5&#8243; _builder_version=&#8221;4.24.0&#8243; _module_preset=&#8221;default&#8221; background_image=&#8221;https:\/\/avgs-gutschein.de\/wp-content\/uploads\/2024\/01\/Bjoern_Holm_profile_pic.webp&#8221; background_position=&#8221;top_center&#8221; custom_padding_tablet=&#8221;38vw||38vw||true|false&#8221; custom_padding_phone=&#8221;38vw||38vw||true|false&#8221; custom_padding_last_edited=&#8221;on|tablet&#8221; global_colors_info=&#8221;{}&#8221;][\/et_pb_column][et_pb_column type=&#8221;3_5&#8243; _builder_version=&#8221;4.23.1&#8243; _module_preset=&#8221;default&#8221; custom_padding=&#8221;3vw||3vw||true|false&#8221; custom_padding_tablet=&#8221;3vw||3vw||true|false&#8221; custom_padding_phone=&#8221;8vw||10vw||false|false&#8221; custom_padding_last_edited=&#8221;on|phone&#8221; global_colors_info=&#8221;{}&#8221;][et_pb_text _builder_version=&#8221;4.24.0&#8243; _module_preset=&#8221;default&#8221; header_font=&#8221;|800|||||||&#8221; header_text_color=&#8221;#000000&#8243; global_colors_info=&#8221;{}&#8221;]<\/p>\n<h1>Bj\u00f6rn Holm<\/h1>\n<p>[\/et_pb_text][et_pb_text module_class=&#8221;sub-prof&#8221; _builder_version=&#8221;4.27.2&#8243; _module_preset=&#8221;default&#8221; text_text_color=&#8221;#000000&#8243; global_colors_info=&#8221;{}&#8221;]<\/p>\n<div class=\"coach-desc\">\n<p><strong>Product:<\/strong> Job Coaching, Start-Up Advice<\/p>\n<hr \/>\n<p><strong>Coaching Language(s): <\/strong>German<\/p>\n<hr \/>\n<p><strong>Coaching Training\/Certifications: <\/strong>Certification as a professional coach according to DBVC, IOBC &amp; FCG, as well as associate coach of the DBVC<\/p>\n<hr \/>\n<p><strong>Industry Expertise: <\/strong>Consulting\/Coaching, Services, Energy, Event\/Leisure, Catering\/Hotel, Health\/Care, Trade\/Sales, <br \/>Crafts, Art\/Design, Marketing\/Communication, NGOs, Wellness\/Fitness<\/p>\n<\/div>\n<p>[\/et_pb_text][et_pb_button button_url=&#8221;\/en\/our-coaches\/bjoern-holm\/#kontakt-bjoern-holm&#8221; button_text=&#8221;Book an Initial Consultation&#8221; _builder_version=&#8221;4.27.2&#8243; _module_preset=&#8221;default&#8221; custom_button=&#8221;on&#8221; button_text_size=&#8221;16px&#8221; button_text_color=&#8221;#ffffff&#8221; button_bg_color=&#8221;#cd222a&#8221; button_border_width=&#8221;0px&#8221; button_border_color=&#8221;#FFFFFF&#8221; global_colors_info=&#8221;{}&#8221;][\/et_pb_button][\/et_pb_column][\/et_pb_row][\/et_pb_section][et_pb_section fb_built=&#8221;1&#8243; _builder_version=&#8221;4.23.1&#8243; _module_preset=&#8221;default&#8221; global_colors_info=&#8221;{}&#8221;][et_pb_row column_structure=&#8221;2_3,1_3&#8243; use_custom_gutter=&#8221;on&#8221; make_equal=&#8221;on&#8221; _builder_version=&#8221;4.23.1&#8243; _module_preset=&#8221;default&#8221; global_colors_info=&#8221;{}&#8221;][et_pb_column type=&#8221;2_3&#8243; _builder_version=&#8221;4.23.1&#8243; _module_preset=&#8221;default&#8221; custom_padding=&#8221;|3vw|||false|false&#8221; border_width_right=&#8221;1px&#8221; border_color_right=&#8221;#cd222a&#8221; global_colors_info=&#8221;{}&#8221;][et_pb_text module_class=&#8221;prof-question&#8221; _builder_version=&#8221;4.27.2&#8243; _module_preset=&#8221;default&#8221; text_text_color=&#8221;#cd222a&#8221; text_font_size=&#8221;24px&#8221; global_colors_info=&#8221;{}&#8221;]<\/p>\n<p>1. What qualifies you as a coach\/trainer?<\/p>\n<p>[\/et_pb_text][et_pb_text module_class=&#8221;prof-answer&#8221; _builder_version=&#8221;4.27.2&#8243; _module_preset=&#8221;default&#8221; text_font=&#8221;|300|||||||&#8221; text_font_size=&#8221;18px&#8221; text_line_height=&#8221;2em&#8221; link_text_color=&#8221;#cd222a&#8221; global_colors_info=&#8221;{}&#8221;]<\/p>\n<p>What qualifies me? My enthusiasm for people! This enthusiasm drives me to accompany and support people in their personal and professional development. I am always curious about the individual challenges and needs of each person and work with them to develop tailor-made solutions based on their potential and talents, as well as their rough edges.<\/p>\n<p>As a professional coach, I am a systemic coach and business coach, certified according to DVBC, IOBC &amp; FCG. In addition, I can always draw on my experience as a manager and executive in various companies as well as my degree in technical business administration.<\/p>\n<p>[\/et_pb_text][et_pb_text module_class=&#8221;prof-question&#8221; _builder_version=&#8221;4.27.2&#8243; _module_preset=&#8221;default&#8221; text_text_color=&#8221;#cd222a&#8221; text_font_size=&#8221;24px&#8221; global_colors_info=&#8221;{}&#8221;]<\/p>\n<p>2. What do you find most fulfilling about your job?<\/p>\n<p>[\/et_pb_text][et_pb_text module_class=&#8221;prof-answer&#8221; _builder_version=&#8221;4.27.2&#8243; _module_preset=&#8221;default&#8221; text_font=&#8221;|300|||||||&#8221; text_font_size=&#8221;18px&#8221; text_line_height=&#8221;2em&#8221; global_colors_info=&#8221;{}&#8221;]<\/p>\n<p><span style=\"font-weight: 400;\">In my work, I am always happy to see how people work with me to strengthen their strengths, both privately and professionally, and find creative solutions to their challenges.<\/span><\/p>\n<p>[\/et_pb_text][et_pb_text module_class=&#8221;prof-question&#8221; _builder_version=&#8221;4.27.2&#8243; _module_preset=&#8221;default&#8221; text_text_color=&#8221;#cd222a&#8221; text_font_size=&#8221;24px&#8221; global_colors_info=&#8221;{}&#8221;]<\/p>\n<p>3. How will digitization change the general coaching business? And how will you deal with it?<\/p>\n<p>[\/et_pb_text][et_pb_text module_class=&#8221;prof-answer&#8221; _builder_version=&#8221;4.27.2&#8243; _module_preset=&#8221;default&#8221; text_font=&#8221;|300|||||||&#8221; text_font_size=&#8221;18px&#8221; text_line_height=&#8221;2em&#8221; global_colors_info=&#8221;{}&#8221;]<\/p>\n<p><span style=\"font-weight: 400;\">I see digitization as a benefit and it will positively change the coaching business in many ways. Using technology such as video or telephone conferences overcomes the distance between coach and client, increasing the reach of coaching. The availability of online tools such as a values \u200b\u200btest or questionnaires can simplify and accelerate the process of finding solutions and setting coaching goals. The ability to record sessions can also lead to better follow-up and documentation. Ultimately, digitalization will further develop the coaching business and create new opportunities and challenges for coaches and clients.<\/span><\/p>\n<p>[\/et_pb_text][\/et_pb_column][et_pb_column type=&#8221;1_3&#8243; _builder_version=&#8221;4.23.1&#8243; _module_preset=&#8221;default&#8221; global_colors_info=&#8221;{}&#8221;][et_pb_blurb title=&#8221;Location&#8221; use_icon=&#8221;on&#8221; font_icon=&#8221;&#xe01d;||divi||400&#8243; icon_color=&#8221;#cd222a&#8221; image_icon_width=&#8221;40px&#8221; icon_alignment=&#8221;left&#8221; _builder_version=&#8221;4.27.4&#8243; _module_preset=&#8221;default&#8221; header_level=&#8221;h2&#8243; body_font_size=&#8221;18px&#8221; body_line_height=&#8221;1.8em&#8221; hover_enabled=&#8221;0&#8243; global_colors_info=&#8221;{}&#8221; sticky_enabled=&#8221;0&#8243;]Germany-wide online<br \/>\nPresence in: L\u00fcneburg, Soltau[\/et_pb_blurb][et_pb_blurb title=&#8221;Vocational Training and Professional Experience:&#8221; use_icon=&#8221;on&#8221; font_icon=&#8221;&#xf19d;||fa||900&#8243; icon_color=&#8221;#cd222a&#8221; image_icon_width=&#8221;40px&#8221; icon_alignment=&#8221;left&#8221; _builder_version=&#8221;4.27.2&#8243; _module_preset=&#8221;default&#8221; header_level=&#8221;h2&#8243; header_line_height=&#8221;1.2em&#8221; body_font_size=&#8221;18px&#8221; body_line_height=&#8221;1.8em&#8221; global_colors_info=&#8221;{}&#8221;]<\/p>\n<p>25 years of experience in various companies as a manager and executive with a focus on Product Development and Business Development<\/p>\n<p>[\/et_pb_blurb][et_pb_blurb title=&#8221;Personal Interests&#8221; use_icon=&#8221;on&#8221; font_icon=&#8221;&#xe030;||divi||400&#8243; icon_color=&#8221;#cd222a&#8221; image_icon_width=&#8221;40px&#8221; icon_alignment=&#8221;left&#8221; _builder_version=&#8221;4.27.2&#8243; _module_preset=&#8221;default&#8221; header_level=&#8221;h2&#8243; header_line_height=&#8221;1.2em&#8221; body_font_size=&#8221;18px&#8221; body_line_height=&#8221;1.8em&#8221; global_colors_info=&#8221;{}&#8221;]<\/p>\n<p><span style=\"font-weight: 400;\">Travel, Cooking, Photography<\/span><\/p>\n<p>[\/et_pb_blurb][\/et_pb_column][\/et_pb_row][et_pb_row module_id=&#8221;kontakt-bjoern-holm&#8221; _builder_version=&#8221;4.24.0&#8243; _module_preset=&#8221;default&#8221; global_colors_info=&#8221;{}&#8221;][et_pb_column type=&#8221;4_4&#8243; _builder_version=&#8221;4.23.1&#8243; _module_preset=&#8221;default&#8221; global_colors_info=&#8221;{}&#8221;][et_pb_text _builder_version=&#8221;4.27.2&#8243; _module_preset=&#8221;default&#8221; header_2_text_color=&#8221;#cd222a&#8221; header_2_font_size=&#8221;30px&#8221; global_colors_info=&#8221;{}&#8221;]<\/p>\n<h2>AVGS Coaching Request for Bj\u00f6rn Holm<\/h2>\n<p>[\/et_pb_text][et_pb_text _builder_version=&#8221;4.27.2&#8243; _module_preset=&#8221;default&#8221; text_font_size=&#8221;18px&#8221; text_line_height=&#8221;2em&#8221; global_colors_info=&#8221;{}&#8221;]<\/p>\n<p><span style=\"font-weight: 400;\">We will forward your data to Bj\u00f6rn Holm so that he can contact you as soon as possible with a suggested date for a non-binding initial consultation. What AVGS coaching request do you have?<\/span><\/p>\n<p>[\/et_pb_text][et_pb_code module_class=&#8221;cf-kntkt-form cf-sub-kntkt-form&#8221; _builder_version=&#8221;4.24.0&#8243; _module_preset=&#8221;default&#8221; global_colors_info=&#8221;{}&#8221;]\n<div class=\"wpcf7 no-js\" id=\"wpcf7-f4990-o1\" lang=\"en-US\" dir=\"ltr\" data-wpcf7-id=\"4990\">\n<div class=\"screen-reader-response\"><p role=\"status\" aria-live=\"polite\" aria-atomic=\"true\"><\/p> <ul><\/ul><\/div>\n<form action=\"\/en\/wp-json\/wp\/v2\/pages\/4977#wpcf7-f4990-o1\" method=\"post\" class=\"wpcf7-form init\" aria-label=\"Contact form\" novalidate=\"novalidate\" data-status=\"init\">\n<fieldset class=\"hidden-fields-container\"><input type=\"hidden\" name=\"_wpcf7\" value=\"4990\" \/><input type=\"hidden\" name=\"_wpcf7_version\" value=\"6.1.2\" \/><input type=\"hidden\" name=\"_wpcf7_locale\" value=\"en_US\" \/><input type=\"hidden\" name=\"_wpcf7_unit_tag\" value=\"wpcf7-f4990-o1\" \/><input type=\"hidden\" name=\"_wpcf7_container_post\" value=\"0\" \/><input type=\"hidden\" name=\"_wpcf7_posted_data_hash\" value=\"\" \/>\n<\/fieldset>\n<div class=\"w3-row\">\n\t<div class=\"w3-col\">\n\t\t<p><span class=\"wpcf7-form-control-wrap\" data-name=\"what-can-we-do-for-you-answer\"><span class=\"wpcf7-form-control wpcf7-checkbox checkbox\"><span class=\"wpcf7-list-item first\"><label><input type=\"checkbox\" name=\"what-can-we-do-for-you-answer[]\" value=\"Job Coaching\" \/><span class=\"wpcf7-list-item-label\">Job Coaching<\/span><\/label><\/span><span class=\"wpcf7-list-item last\"><label><input type=\"checkbox\" name=\"what-can-we-do-for-you-answer[]\" value=\"Start-Up Consulting\" \/><span class=\"wpcf7-list-item-label\">Start-Up Consulting<\/span><\/label><\/span><\/span><\/span>\n\t\t<\/p>\n\t<\/div>\n<\/div>\n<div class=\"w3-row\">\n\t<div class=\"w3-col\">\n\t\t<p><label>First and Last Name<\/label><br \/>\n<span class=\"wpcf7-form-control-wrap\" data-name=\"Vor-und-Nachname\"><input size=\"40\" maxlength=\"400\" class=\"wpcf7-form-control wpcf7-text wpcf7-validates-as-required\" autocomplete=\"off\" aria-required=\"true\" aria-invalid=\"false\" value=\"\" type=\"text\" name=\"Vor-und-Nachname\" \/><\/span>\n\t\t<\/p>\n\t<\/div>\n<\/div>\n<div class=\"w3-row\">\n\t<div class=\"w3-col\">\n\t\t<p><label>Telephone Number<\/label><br \/>\n<span class=\"wpcf7-form-control-wrap\" data-name=\"telefonnummer\"><input size=\"40\" maxlength=\"400\" class=\"wpcf7-form-control wpcf7-tel wpcf7-text wpcf7-validates-as-tel\" autocomplete=\"off\" aria-invalid=\"false\" value=\"\" type=\"tel\" name=\"telefonnummer\" \/><\/span>\n\t\t<\/p>\n\t<\/div>\n\t<div class=\"w3-col\">\n\t\t<p><label>Email-Address<\/label><br \/>\n<span class=\"wpcf7-form-control-wrap\" data-name=\"your-email\"><input size=\"40\" maxlength=\"400\" class=\"wpcf7-form-control wpcf7-email wpcf7-validates-as-required wpcf7-text wpcf7-validates-as-email\" autocomplete=\"off\" aria-required=\"true\" aria-invalid=\"false\" value=\"\" type=\"email\" name=\"your-email\" \/><\/span>\n\t\t<\/p>\n\t<\/div>\n<\/div>\n<div class=\"w3-row\">\n\t<div class=\"w3-col\">\n\t\t<p><label>Message<\/label>\n\t\t<\/p>\n\t<\/div>\n\t<div class=\"w3-col\">\n\t\t<p><span class=\"wpcf7-form-control-wrap\" data-name=\"mitteilung\"><textarea cols=\"40\" rows=\"10\" maxlength=\"2000\" class=\"wpcf7-form-control wpcf7-textarea\" aria-invalid=\"false\" placeholder=\"max 500 characters\" name=\"mitteilung\"><\/textarea><\/span>\n\t\t<\/p>\n\t<\/div>\n<\/div>\n<div class=\"w3-row\">\n\t<div class=\"w3-col\">\n\t\t<p><label>How did you find us?<\/label>\n\t\t<\/p>\n\t<\/div>\n<\/div>\n<div class=\"w3-row\">\n\t<div class=\"w3-col\">\n\t\t<p><span class=\"wpcf7-form-control-wrap\" data-name=\"how-did-you-find-us-answer\"><span class=\"wpcf7-form-control wpcf7-checkbox checkbox\"><span class=\"wpcf7-list-item first\"><label><input type=\"checkbox\" name=\"how-did-you-find-us-answer[]\" value=\"Personal Recommendation\" \/><span class=\"wpcf7-list-item-label\">Personal Recommendation<\/span><\/label><\/span><span class=\"wpcf7-list-item\"><label><input type=\"checkbox\" name=\"how-did-you-find-us-answer[]\" value=\"Internet Search\" \/><span class=\"wpcf7-list-item-label\">Internet Search<\/span><\/label><\/span><span class=\"wpcf7-list-item last\"><label><input type=\"checkbox\" name=\"how-did-you-find-us-answer[]\" value=\"Social Media\" \/><span class=\"wpcf7-list-item-label\">Social Media<\/span><\/label><\/span><\/span><\/span>\n\t\t<\/p>\n\t<\/div>\n<\/div>\n<div class=\"w3-row\">\n\t<div class=\"w3-col\">\n\t\t<p><label>Data Protection<\/label><br \/>\n<span class=\"wpcf7-form-control-wrap\" data-name=\"datenschutz\"><span class=\"wpcf7-form-control wpcf7-checkbox wpcf7-validates-as-required\"><span class=\"wpcf7-list-item first last\"><input type=\"checkbox\" name=\"datenschutz[]\" value=\"I consent to the processing of my personal data provided above for the purpose of receiving information about coaching. My data may be passed on to the coaches to be referred for contact purposes. I have taken note of the additional information on the processing of my data. I am aware that I can revoke the consent given at any time by telephone or by sending an informal email to info@beratungsgesellschaft-willkomm.de\" \/><span class=\"wpcf7-list-item-label\">I consent to the processing of my personal data provided above for the purpose of receiving information about coaching. My data may be passed on to the coaches to be referred for contact purposes. I have taken note of the additional information on the processing of my data. I am aware that I can revoke the consent given at any time by telephone or by sending an informal email to info@beratungsgesellschaft-willkomm.de<\/span><\/span><\/span><\/span>\n\t\t<\/p>\n\t<\/div>\n<\/div>\n<div class=\"w3-row\">\n\t<div class=\"w3-col\">\n\t\t<p><span class=\"wpcf7-form-control-wrap\" data-name=\"quiz-827\"><label><span class=\"wpcf7-quiz-label\">34 + 10 = ?<\/span> <input size=\"40\" class=\"wpcf7-form-control wpcf7-quiz\" autocomplete=\"off\" aria-required=\"true\" aria-invalid=\"false\" type=\"text\" name=\"quiz-827\" \/><\/label><input type=\"hidden\" name=\"_wpcf7_quiz_answer_quiz-827\" value=\"84a28f7c445aa7a7dfb7bed85c1f1358\" \/><\/span>\n\t\t<\/p>\n\t<\/div>\n<\/div>\n<center>\n\t<div class=\"w3-row\">\n\t\t<div class=\"w3-col\">\n\t\t\t<p><input class=\"wpcf7-form-control wpcf7-submit has-spinner pc-button bg-primary-color square-button primary-border-color\" type=\"submit\" value=\"Send\" \/>\n\t\t\t<\/p>\n\t\t<\/div>\n\t<\/div>\n<\/center><div class=\"frc-captcha \" data-sitekey=\"FCMIVM5H8K1HPA6F\" data-lang=\"en\" ><\/div>\n\t\t<noscript>You need to enable Javascript for the anti-spam check.<\/noscript><div class=\"wpcf7-response-output\" aria-hidden=\"true\"><\/div>\n<\/form>\n<\/div>\n[\/et_pb_code][\/et_pb_column][\/et_pb_row][\/et_pb_section]<\/p>\n","protected":false},"excerpt":{"rendered":"<p>Bj\u00f6rn Holm Product: Job Coaching, Start-Up Advice Coaching Language(s): German Coaching Training\/Certifications: Certification as a professional coach according to DBVC, IOBC &amp; FCG, as well as associate coach of the DBVC Industry Expertise: Consulting\/Coaching, Services, Energy, Event\/Leisure, Catering\/Hotel, Health\/Care, Trade\/Sales, Crafts, Art\/Design, Marketing\/Communication, NGOs, Wellness\/Fitness 1. What qualifies you as a coach\/trainer?What qualifies me? My [&hellip;]<\/p>\n","protected":false},"author":1,"featured_media":0,"parent":4683,"menu_order":0,"comment_status":"closed","ping_status":"closed","template":"","meta":{"_et_pb_use_builder":"on","_et_pb_old_content":"","_et_gb_content_width":"","footnotes":""},"class_list":["post-4977","page","type-page","status-publish","hentry"],"yoast_head":"<!-- This site is optimized with the Yoast SEO plugin v26.0 - https:\/\/yoast.com\/wordpress\/plugins\/seo\/ -->\n<title>Bj\u00f6rn Holm | AVGS L\u00fcneburg, Rotenburg, Soltau, Buchholz<\/title>\n<meta name=\"description\" content=\"Bj\u00f6rn Holz is a passionate AVGS coach. He offers job coaching and start-up advice in L\u00fcneburg, Rotenburg, Soltau, Buchholz, but also online.\" \/>\n<meta name=\"robots\" content=\"index, follow, max-snippet:-1, max-image-preview:large, max-video-preview:-1\" \/>\n<link rel=\"canonical\" href=\"https:\/\/avgs-gutschein.de\/en\/our-coaches\/bjoern-holm\/\" \/>\n<meta property=\"og:locale\" content=\"en_US\" \/>\n<meta property=\"og:type\" content=\"article\" \/>\n<meta property=\"og:title\" content=\"Bj\u00f6rn Holm | AVGS L\u00fcneburg, Rotenburg, Soltau, Buchholz\" \/>\n<meta property=\"og:description\" content=\"Bj\u00f6rn Holz is a passionate AVGS coach. He offers job coaching and start-up advice in L\u00fcneburg, Rotenburg, Soltau, Buchholz, but also online.\" \/>\n<meta property=\"og:url\" content=\"https:\/\/avgs-gutschein.de\/en\/our-coaches\/bjoern-holm\/\" \/>\n<meta property=\"og:site_name\" content=\"AVGS Gutschein\" \/>\n<meta property=\"article:modified_time\" content=\"2025-10-07T07:23:56+00:00\" \/>\n<meta name=\"twitter:card\" content=\"summary_large_image\" \/>\n<meta name=\"twitter:label1\" content=\"Est. reading time\" \/>\n\t<meta name=\"twitter:data1\" content=\"3 minutes\" \/>\n<script type=\"application\/ld+json\" class=\"yoast-schema-graph\">{\"@context\":\"https:\/\/schema.org\",\"@graph\":[{\"@type\":\"WebPage\",\"@id\":\"https:\/\/avgs-gutschein.de\/en\/our-coaches\/bjoern-holm\/\",\"url\":\"https:\/\/avgs-gutschein.de\/en\/our-coaches\/bjoern-holm\/\",\"name\":\"Bj\u00f6rn Holm | AVGS L\u00fcneburg, Rotenburg, Soltau, Buchholz\",\"isPartOf\":{\"@id\":\"https:\/\/avgs-gutschein.de\/en\/#website\"},\"datePublished\":\"2024-01-23T07:27:06+00:00\",\"dateModified\":\"2025-10-07T07:23:56+00:00\",\"description\":\"Bj\u00f6rn Holz is a passionate AVGS coach. He offers job coaching and start-up advice in L\u00fcneburg, Rotenburg, Soltau, Buchholz, but also online.\",\"breadcrumb\":{\"@id\":\"https:\/\/avgs-gutschein.de\/en\/our-coaches\/bjoern-holm\/#breadcrumb\"},\"inLanguage\":\"en-US\",\"potentialAction\":[{\"@type\":\"ReadAction\",\"target\":[\"https:\/\/avgs-gutschein.de\/en\/our-coaches\/bjoern-holm\/\"]}]},{\"@type\":\"BreadcrumbList\",\"@id\":\"https:\/\/avgs-gutschein.de\/en\/our-coaches\/bjoern-holm\/#breadcrumb\",\"itemListElement\":[{\"@type\":\"ListItem\",\"position\":1,\"name\":\"Startseite\",\"item\":\"https:\/\/avgs-gutschein.de\/en\/\"},{\"@type\":\"ListItem\",\"position\":2,\"name\":\"Our coaches\",\"item\":\"https:\/\/avgs-gutschein.de\/en\/unsere-coaches\/\"},{\"@type\":\"ListItem\",\"position\":3,\"name\":\"Bj\u00f6rn Holm\"}]},{\"@type\":\"WebSite\",\"@id\":\"https:\/\/avgs-gutschein.de\/en\/#website\",\"url\":\"https:\/\/avgs-gutschein.de\/en\/\",\"name\":\"AVGS Gutschein\",\"description\":\"\",\"potentialAction\":[{\"@type\":\"SearchAction\",\"target\":{\"@type\":\"EntryPoint\",\"urlTemplate\":\"https:\/\/avgs-gutschein.de\/en\/?s={search_term_string}\"},\"query-input\":{\"@type\":\"PropertyValueSpecification\",\"valueRequired\":true,\"valueName\":\"search_term_string\"}}],\"inLanguage\":\"en-US\"}]}<\/script>\n<!-- \/ Yoast SEO plugin. -->","yoast_head_json":{"title":"Bj\u00f6rn Holm | AVGS L\u00fcneburg, Rotenburg, Soltau, Buchholz","description":"Bj\u00f6rn Holz is a passionate AVGS coach. He offers job coaching and start-up advice in L\u00fcneburg, Rotenburg, Soltau, Buchholz, but also online.","robots":{"index":"index","follow":"follow","max-snippet":"max-snippet:-1","max-image-preview":"max-image-preview:large","max-video-preview":"max-video-preview:-1"},"canonical":"https:\/\/avgs-gutschein.de\/en\/our-coaches\/bjoern-holm\/","og_locale":"en_US","og_type":"article","og_title":"Bj\u00f6rn Holm | AVGS L\u00fcneburg, Rotenburg, Soltau, Buchholz","og_description":"Bj\u00f6rn Holz is a passionate AVGS coach. He offers job coaching and start-up advice in L\u00fcneburg, Rotenburg, Soltau, Buchholz, but also online.","og_url":"https:\/\/avgs-gutschein.de\/en\/our-coaches\/bjoern-holm\/","og_site_name":"AVGS Gutschein","article_modified_time":"2025-10-07T07:23:56+00:00","twitter_card":"summary_large_image","twitter_misc":{"Est. reading time":"3 minutes"},"schema":{"@context":"https:\/\/schema.org","@graph":[{"@type":"WebPage","@id":"https:\/\/avgs-gutschein.de\/en\/our-coaches\/bjoern-holm\/","url":"https:\/\/avgs-gutschein.de\/en\/our-coaches\/bjoern-holm\/","name":"Bj\u00f6rn Holm | AVGS L\u00fcneburg, Rotenburg, Soltau, Buchholz","isPartOf":{"@id":"https:\/\/avgs-gutschein.de\/en\/#website"},"datePublished":"2024-01-23T07:27:06+00:00","dateModified":"2025-10-07T07:23:56+00:00","description":"Bj\u00f6rn Holz is a passionate AVGS coach. He offers job coaching and start-up advice in L\u00fcneburg, Rotenburg, Soltau, Buchholz, but also online.","breadcrumb":{"@id":"https:\/\/avgs-gutschein.de\/en\/our-coaches\/bjoern-holm\/#breadcrumb"},"inLanguage":"en-US","potentialAction":[{"@type":"ReadAction","target":["https:\/\/avgs-gutschein.de\/en\/our-coaches\/bjoern-holm\/"]}]},{"@type":"BreadcrumbList","@id":"https:\/\/avgs-gutschein.de\/en\/our-coaches\/bjoern-holm\/#breadcrumb","itemListElement":[{"@type":"ListItem","position":1,"name":"Startseite","item":"https:\/\/avgs-gutschein.de\/en\/"},{"@type":"ListItem","position":2,"name":"Our coaches","item":"https:\/\/avgs-gutschein.de\/en\/unsere-coaches\/"},{"@type":"ListItem","position":3,"name":"Bj\u00f6rn Holm"}]},{"@type":"WebSite","@id":"https:\/\/avgs-gutschein.de\/en\/#website","url":"https:\/\/avgs-gutschein.de\/en\/","name":"AVGS Gutschein","description":"","potentialAction":[{"@type":"SearchAction","target":{"@type":"EntryPoint","urlTemplate":"https:\/\/avgs-gutschein.de\/en\/?s={search_term_string}"},"query-input":{"@type":"PropertyValueSpecification","valueRequired":true,"valueName":"search_term_string"}}],"inLanguage":"en-US"}]}},"_links":{"self":[{"href":"https:\/\/avgs-gutschein.de\/en\/wp-json\/wp\/v2\/pages\/4977","targetHints":{"allow":["GET"]}}],"collection":[{"href":"https:\/\/avgs-gutschein.de\/en\/wp-json\/wp\/v2\/pages"}],"about":[{"href":"https:\/\/avgs-gutschein.de\/en\/wp-json\/wp\/v2\/types\/page"}],"author":[{"embeddable":true,"href":"https:\/\/avgs-gutschein.de\/en\/wp-json\/wp\/v2\/users\/1"}],"replies":[{"embeddable":true,"href":"https:\/\/avgs-gutschein.de\/en\/wp-json\/wp\/v2\/comments?post=4977"}],"version-history":[{"count":5,"href":"https:\/\/avgs-gutschein.de\/en\/wp-json\/wp\/v2\/pages\/4977\/revisions"}],"predecessor-version":[{"id":11613,"href":"https:\/\/avgs-gutschein.de\/en\/wp-json\/wp\/v2\/pages\/4977\/revisions\/11613"}],"up":[{"embeddable":true,"href":"https:\/\/avgs-gutschein.de\/en\/wp-json\/wp\/v2\/pages\/4683"}],"wp:attachment":[{"href":"https:\/\/avgs-gutschein.de\/en\/wp-json\/wp\/v2\/media?parent=4977"}],"curies":[{"name":"wp","href":"https:\/\/api.w.org\/{rel}","templated":true}]}}