{"id":4657,"date":"2023-11-23T13:51:51","date_gmt":"2023-11-23T12:51:51","guid":{"rendered":"https:\/\/avgs-gutschein.de\/wer-wir-sind\/"},"modified":"2025-12-09T07:10:24","modified_gmt":"2025-12-09T06:10:24","slug":"who-we-are","status":"publish","type":"page","link":"https:\/\/avgs-gutschein.de\/en\/who-we-are\/","title":{"rendered":"Who we are"},"content":{"rendered":"<p>[et_pb_section fb_built=&#8221;1&#8243; _builder_version=&#8221;4.23.4&#8243; _module_preset=&#8221;default&#8221; use_background_color_gradient=&#8221;on&#8221; background_color_gradient_stops=&#8221;rgba(255,255,255,0) 0%|rgba(255,255,255,0.71) 77%&#8221; background_color_gradient_overlays_image=&#8221;on&#8221; background_image=&#8221;https:\/\/avgs-gutschein.de\/wp-content\/uploads\/2024\/01\/wer-wir-sind_header.webp&#8221; custom_padding=&#8221;18vw||10vw||false|false&#8221; global_colors_info=&#8221;{}&#8221;][et_pb_row _builder_version=&#8221;4.23.1&#8243; _module_preset=&#8221;default&#8221; global_colors_info=&#8221;{}&#8221;][et_pb_column type=&#8221;4_4&#8243; _builder_version=&#8221;4.23.1&#8243; _module_preset=&#8221;default&#8221; global_colors_info=&#8221;{}&#8221;][et_pb_text module_class=&#8221;avgs-font &#8221; _builder_version=&#8221;4.27.0&#8243; _module_preset=&#8221;default&#8221; text_font_size=&#8221;50px&#8221; header_font=&#8221;|800|||||||&#8221; header_text_align=&#8221;center&#8221; header_font_size=&#8221;45px&#8221; global_colors_info=&#8221;{}&#8221;]<\/p>\n<h1 class=\"red-font\"><span class=\"gray-font\">Who<\/span> we are<\/h1>\n<p>[\/et_pb_text][et_pb_text module_class=&#8221;gray-font header-sub-text&#8221; _builder_version=&#8221;4.27.0&#8243; _module_preset=&#8221;default&#8221; text_font=&#8221;|700|||||||&#8221; text_text_color=&#8221;#FFFFFF&#8221; text_orientation=&#8221;center&#8221; global_colors_info=&#8221;{}&#8221;]Your AVGS partner for job coaching and start-up consulting[\/et_pb_text][\/et_pb_column][\/et_pb_row][\/et_pb_section][et_pb_section fb_built=&#8221;1&#8243; _builder_version=&#8221;4.25.1&#8243; _module_preset=&#8221;default&#8221; background_color=&#8221;rgba(224,224,224,0.29)&#8221; global_colors_info=&#8221;{}&#8221;][et_pb_row _builder_version=&#8221;4.23.1&#8243; _module_preset=&#8221;default&#8221; global_colors_info=&#8221;{}&#8221;][et_pb_column type=&#8221;4_4&#8243; _builder_version=&#8221;4.23.1&#8243; _module_preset=&#8221;default&#8221; global_colors_info=&#8221;{}&#8221;][et_pb_text module_class=&#8221;gray-font normal-p&#8221; _builder_version=&#8221;4.27.0&#8243; _module_preset=&#8221;default&#8221; global_colors_info=&#8221;{}&#8221;]The consulting company M. Willkomm mbH specializes in accompanying and advising people during career change processes or on the way to self-employment. With our team of more than 80 experienced coaches, we have been represented in numerous offices throughout Germany for many years.<\/p>\n<p>Online coaching is available at any time throughout Germany and in many languages. In many cities we also offer face-to-face coaching and advice. Find a coach near you here.<\/p>\n<p>As long-standing, proven partners of the Federal Employment Agency and the job centers, we are both AZAV certified and approved as an expert body for the start-up grant. Thanks to our large network and our many years of experience, we have a cross-sector insight into the labor market.<\/p>\n<p>You can find news from our company on our homepage. We would also be happy if you follow us on social media.[\/et_pb_text][\/et_pb_column][\/et_pb_row][\/et_pb_section][et_pb_section fb_built=&#8221;1&#8243; _builder_version=&#8221;4.25.1&#8243; _module_preset=&#8221;default&#8221; background_color=&#8221;#FFFFFF&#8221; global_colors_info=&#8221;{}&#8221;][et_pb_row _builder_version=&#8221;4.23.1&#8243; _module_preset=&#8221;default&#8221; max_width=&#8221;900px&#8221; custom_padding=&#8221;50px||||false|false&#8221; custom_css_main_element=&#8221;max-width:900px!important;&#8221; global_colors_info=&#8221;{}&#8221;][et_pb_column type=&#8221;4_4&#8243; _builder_version=&#8221;4.23.1&#8243; _module_preset=&#8221;default&#8221; global_colors_info=&#8221;{}&#8221;][et_pb_text module_class=&#8221;red-font avgs-h2&#8243; _builder_version=&#8221;4.27.0&#8243; _module_preset=&#8221;default&#8221; header_2_font=&#8221;|700|||||||&#8221; header_2_text_align=&#8221;center&#8221; header_2_text_color=&#8221;#cd222a&#8221; global_colors_info=&#8221;{}&#8221;]<\/p>\n<h2 class=\"gray-font\">Google reviews\/testimonials<\/h2>\n<p>[\/et_pb_text][et_pb_code _builder_version=&#8221;4.25.1&#8243; _module_preset=&#8221;default&#8221; global_colors_info=&#8221;{}&#8221;]<!-- Trustindex Script Placeholder --><!-- [et_pb_line_break_holder] --><script type=\"text\/plain\" data-usercentrics=\"Trustindex\" src=\"https:\/\/cdn.trustindex.io\/loader.js?729b4fa33bc890809846eb1ef5f\"><\/script>[\/et_pb_code][et_pb_text _builder_version=&#8221;4.27.0&#8243; _module_preset=&#8221;default&#8221; text_font_size=&#8221;20px&#8221; link_text_color=&#8221;#cd222a&#8221; link_font_size=&#8221;20px&#8221; text_orientation=&#8221;center&#8221; global_colors_info=&#8221;{}&#8221;]Read our reviews at <a href=\"https:\/\/g.co\/kgs\/PTBt4uz\">https:\/\/g.co\/kgs\/PTBt4uz<\/a>[\/et_pb_text][et_pb_slider show_arrows=&#8221;off&#8221; dot_nav_custom_color=&#8221;#cd222a&#8221; disabled_on=&#8221;on|on|on&#8221; module_class=&#8221;testimonials&#8221; _builder_version=&#8221;4.23.1&#8243; _module_preset=&#8221;default&#8221; header_font_size=&#8221;20px&#8221; background_color=&#8221;#e0e0e0&#8243; auto=&#8221;on&#8221; custom_css_slide_image=&#8221;width:130px!important;&#8221; border_radii=&#8221;on|5px|5px|5px|5px&#8221; box_shadow_style=&#8221;preset1&#8243; box_shadow_vertical=&#8221;0px&#8221; box_shadow_blur=&#8221;3px&#8221; box_shadow_color=&#8221;rgba(205,34,42,0.5)&#8221; disabled=&#8221;on&#8221; global_colors_info=&#8221;{}&#8221;][et_pb_slide button_link=&#8221;https:\/\/g.co\/kgs\/fafa6G&#8221; url_new_window=&#8221;on&#8221; image=&#8221;https:\/\/avgs-gutschein.de\/wp-content\/uploads\/2023\/11\/testimonials_prof_pic_SV_1.webp&#8221; _builder_version=&#8221;4.23.1&#8243; _module_preset=&#8221;default&#8221; header_text_color=&#8221;#555555&#8243; body_text_color=&#8221;#555555&#8243; background_color=&#8221;#f5f5f5&#8243; background_enable_color=&#8221;on&#8221; link_option_url=&#8221;https:\/\/g.co\/kgs\/fafa6G&#8221; link_option_url_new_window=&#8221;on&#8221; global_colors_info=&#8221;{}&#8221; sticky_transition=&#8221;on&#8221;]<\/p>\n<p>Ich habe in der Gr\u00fcndungsberatung in L\u00fcneburg bei Frau Witt wahnsinnig viel gelernt und es hat sich f\u00fcr mich absolut gelohnt sie wahrzunehmen. Die Beratung hat neben den erwarteten Dingen auch viele kleine Details beinhaltet, auf die ich von alleine nie gekommen w\u00e4re und ganz nebenbei hat sie auch noch richtig Spa\u00df gemacht. Die Atmosph\u00e4re war angenehm entspannt. Durch Frau Witt f\u00fchle ich mich jetzt richtig gut aufgestellt f\u00fcr den Start in meine Selbst\u00e4ndigkeit.<\/p>\n<p class=\"test_name\">Sunny Vivi<\/p>\n<p>[\/et_pb_slide][et_pb_slide button_link=&#8221;https:\/\/g.co\/kgs\/fafa6G&#8221; url_new_window=&#8221;on&#8221; image=&#8221;https:\/\/avgs-gutschein.de\/wp-content\/uploads\/2023\/11\/testimonials_prof_pic_AP_1.webp&#8221; _builder_version=&#8221;4.23.1&#8243; _module_preset=&#8221;default&#8221; header_text_color=&#8221;#555555&#8243; body_text_color=&#8221;#555555&#8243; background_color=&#8221;#f5f5f5&#8243; background_enable_color=&#8221;on&#8221; link_option_url=&#8221;https:\/\/g.co\/kgs\/fafa6G&#8221; link_option_url_new_window=&#8221;on&#8221; custom_css_slide_image=&#8221;width:150px;&#8221; global_colors_info=&#8221;{}&#8221; sticky_transition=&#8221;on&#8221;]<\/p>\n<p>Das waren wirklich zielf\u00fchrende mich absolut weiterbringende Gespr\u00e4che, die ich mit Herrn Thomas f\u00fchren durfte. Kompetenz, Einf\u00fchlungsverm\u00f6gen und praxisnahe Ratschl\u00e4ge zeigten mir neue Wege und Perspektiven. Daf\u00fcr Danke, Respekt und uneingeschr\u00e4nkte Weiterempfehlung.<\/p>\n<p class=\"test_name\">achim preissler<\/p>\n<p>[\/et_pb_slide][et_pb_slide button_link=&#8221;https:\/\/g.co\/kgs\/fafa6G&#8221; url_new_window=&#8221;on&#8221; image=&#8221;https:\/\/avgs-gutschein.de\/wp-content\/uploads\/2023\/11\/testimonials_prof_pic_BW_1.webp&#8221; _builder_version=&#8221;4.23.1&#8243; _module_preset=&#8221;default&#8221; header_text_color=&#8221;#555555&#8243; body_text_color=&#8221;#555555&#8243; background_color=&#8221;#f5f5f5&#8243; background_enable_color=&#8221;on&#8221; link_option_url=&#8221;https:\/\/g.co\/kgs\/fafa6G&#8221; link_option_url_new_window=&#8221;on&#8221; custom_css_slide_image=&#8221;width:150px;&#8221; global_colors_info=&#8221;{}&#8221; sticky_transition=&#8221;on&#8221;]<\/p>\n<p>Das Gr\u00fcndungsberatung mit Frau Witt hat mich in Bezug auf meine bevorstehende Selbstst\u00e4ndigkeit in vielerlei Hinsicht sehr gut vorbereitet. Ich habe viele gute Hinweise f\u00fcr die Zeit vor, w\u00e4hrend und nach der Gr\u00fcndung erhalten. Kompetent, zielgerichtet und mental unglaublich flexibel &#8211; danke f\u00fcr diese Erfahrung!<\/p>\n<p class=\"test_name\">Britta Wagner<\/p>\n<p>[\/et_pb_slide][et_pb_slide button_link=&#8221;https:\/\/g.co\/kgs\/fafa6G&#8221; url_new_window=&#8221;on&#8221; image=&#8221;https:\/\/avgs-gutschein.de\/wp-content\/uploads\/2023\/11\/testimonials_prof_pic_TS_1.webp&#8221; _builder_version=&#8221;4.23.1&#8243; _module_preset=&#8221;default&#8221; header_text_color=&#8221;#555555&#8243; body_text_color=&#8221;#555555&#8243; background_color=&#8221;#f5f5f5&#8243; background_enable_color=&#8221;on&#8221; link_option_url=&#8221;https:\/\/g.co\/kgs\/fafa6G&#8221; link_option_url_new_window=&#8221;on&#8221; custom_css_slide_image=&#8221;width:150px;&#8221; global_colors_info=&#8221;{}&#8221; sticky_transition=&#8221;on&#8221;]<\/p>\n<p>Mit Frau Dr. Julia Harm sitzt genau die richtige Person an einer entscheidenden Stelle. Vielen Dank f\u00fcr die netten, pers\u00f6nlichen und informativen Gespr\u00e4che auf Augenh\u00f6he und dem gemeinsamen Entwickeln einer Idee, sowie einen passenden Fahrplan f\u00fcr dessen Umsetzung. Mit sehr guten fachlichen Ratschl\u00e4gen, n\u00fctzlichen Hinweisen und fundierten Antworten auf entstandene Fragen w\u00e4hrend des Gr\u00fcnder-Coachings, bin ich nun sehr gut f\u00fcr meine Gr\u00fcndung vorbereitet. Sehr empfehlenswert.<\/p>\n<p class=\"test_name\">Tobias Stenzel<\/p>\n<p>[\/et_pb_slide][et_pb_slide button_link=&#8221;https:\/\/g.co\/kgs\/fafa6G&#8221; url_new_window=&#8221;on&#8221; image=&#8221;https:\/\/avgs-gutschein.de\/wp-content\/uploads\/2023\/11\/testimonials_prof_pic_AF_1.webp&#8221; _builder_version=&#8221;4.23.1&#8243; _module_preset=&#8221;default&#8221; header_text_color=&#8221;#555555&#8243; body_text_color=&#8221;#555555&#8243; background_color=&#8221;#f5f5f5&#8243; background_enable_color=&#8221;on&#8221; link_option_url=&#8221;https:\/\/g.co\/kgs\/fafa6G&#8221; link_option_url_new_window=&#8221;on&#8221; custom_css_slide_image=&#8221;width:150px;&#8221; global_colors_info=&#8221;{}&#8221; sticky_transition=&#8221;on&#8221;]<\/p>\n<p>Ich befinde mich gerade in einer Zeit mit vielen Ver\u00e4nderungen. Das Coaching mit Frau Daniels hat mir sehr viel Mut und Selbstvertrauen gegeben. Genau das, was ich brauche. Ich durfte viel Neues lernen und f\u00fchle mich bereit, f\u00fcr alles was nun kommt! Ein riesengro\u00dfes Dankesch\u00f6n, Bettina Daniels \ud83d\ude0a<\/p>\n<p class=\"test_name\">Antje Finnern<\/p>\n<p>[\/et_pb_slide][\/et_pb_slider][\/et_pb_column][\/et_pb_row][\/et_pb_section][et_pb_section fb_built=&#8221;1&#8243; _builder_version=&#8221;4.23.4&#8243; _module_preset=&#8221;default&#8221; background_image=&#8221;https:\/\/avgs-gutschein.de\/wp-content\/uploads\/2024\/01\/Footer_Contact.webp&#8221; parallax=&#8221;on&#8221; parallax_method=&#8221;off&#8221; custom_padding=&#8221;100px||150px||false|false&#8221; global_colors_info=&#8221;{}&#8221;][et_pb_row _builder_version=&#8221;4.23.1&#8243; _module_preset=&#8221;default&#8221; background_color=&#8221;rgba(255,255,255,0.83)&#8221; transform_translate_linked=&#8221;off&#8221; z_index=&#8221;9&#8243; max_width=&#8221;800px&#8221; custom_padding=&#8221;||||false|false&#8221; border_radii=&#8221;on|5px|5px|5px|5px&#8221; global_colors_info=&#8221;{}&#8221;][et_pb_column type=&#8221;4_4&#8243; _builder_version=&#8221;4.23.1&#8243; _module_preset=&#8221;default&#8221; global_colors_info=&#8221;{}&#8221;][et_pb_blurb title=&#8221;Do you have questions about your AVGS funding?&#8221; use_icon=&#8221;on&#8221; font_icon=&#8221;&#x77;||divi||400&#8243; icon_color=&#8221;#cd222a&#8221; content_max_width=&#8221;100%&#8221; module_class=&#8221;avgs-h2 gray-font&#8221; _builder_version=&#8221;4.27.0&#8243; _module_preset=&#8221;default&#8221; header_level=&#8221;h2&#8243; header_font=&#8221;||||||||&#8221; header_text_align=&#8221;center&#8221; global_colors_info=&#8221;{}&#8221;][\/et_pb_blurb][et_pb_button button_url=&#8221;@ET-DC@eyJkeW5hbWljIjp0cnVlLCJjb250ZW50IjoicG9zdF9saW5rX3VybF9wYWdlIiwic2V0dGluZ3MiOnsicG9zdF9pZCI6IjM1OCJ9fQ==@&#8221; button_text=&#8221;Contact&#8221; button_alignment=&#8221;center&#8221; _builder_version=&#8221;4.27.0&#8243; _dynamic_attributes=&#8221;button_url&#8221; _module_preset=&#8221;default&#8221; custom_button=&#8221;on&#8221; button_text_color=&#8221;#cd222a&#8221; button_border_width=&#8221;1px&#8221; button_use_icon=&#8221;off&#8221; global_colors_info=&#8221;{}&#8221;][\/et_pb_button][\/et_pb_column][\/et_pb_row][\/et_pb_section]<\/p>\n","protected":false},"excerpt":{"rendered":"<p>Who we areYour AVGS partner for job coaching and start-up consultingThe consulting company M. Willkomm mbH specializes in accompanying and advising people during career change processes or on the way to self-employment. With our team of more than 80 experienced coaches, we have been represented in numerous offices throughout Germany for many years. Online coaching [&hellip;]<\/p>\n","protected":false},"author":1,"featured_media":0,"parent":0,"menu_order":0,"comment_status":"closed","ping_status":"closed","template":"","meta":{"_et_pb_use_builder":"on","_et_pb_old_content":"","_et_gb_content_width":"","footnotes":""},"class_list":["post-4657","page","type-page","status-publish","hentry"],"yoast_head":"<!-- This site is optimized with the Yoast SEO plugin v26.0 - https:\/\/yoast.com\/wordpress\/plugins\/seo\/ -->\n<title>Who we are - AVGS Gutschein<\/title>\n<meta name=\"robots\" content=\"index, follow, max-snippet:-1, max-image-preview:large, max-video-preview:-1\" \/>\n<link rel=\"canonical\" href=\"https:\/\/avgs-gutschein.de\/en\/who-we-are\/\" \/>\n<meta property=\"og:locale\" content=\"en_US\" \/>\n<meta property=\"og:type\" content=\"article\" \/>\n<meta property=\"og:title\" content=\"Who we are - AVGS Gutschein\" \/>\n<meta property=\"og:description\" content=\"Who we areYour AVGS partner for job coaching and start-up consultingThe consulting company M. Willkomm mbH specializes in accompanying and advising people during career change processes or on the way to self-employment. With our team of more than 80 experienced coaches, we have been represented in numerous offices throughout Germany for many years. Online coaching [&hellip;]\" \/>\n<meta property=\"og:url\" content=\"https:\/\/avgs-gutschein.de\/en\/who-we-are\/\" \/>\n<meta property=\"og:site_name\" content=\"AVGS Gutschein\" \/>\n<meta property=\"article:modified_time\" content=\"2025-12-09T06:10:24+00:00\" \/>\n<meta name=\"twitter:card\" content=\"summary_large_image\" \/>\n<meta name=\"twitter:label1\" content=\"Est. reading time\" \/>\n\t<meta name=\"twitter:data1\" content=\"1 minute\" \/>\n<script type=\"application\/ld+json\" class=\"yoast-schema-graph\">{\"@context\":\"https:\/\/schema.org\",\"@graph\":[{\"@type\":\"WebPage\",\"@id\":\"https:\/\/avgs-gutschein.de\/en\/who-we-are\/\",\"url\":\"https:\/\/avgs-gutschein.de\/en\/who-we-are\/\",\"name\":\"Who we are - AVGS Gutschein\",\"isPartOf\":{\"@id\":\"https:\/\/avgs-gutschein.de\/en\/#website\"},\"datePublished\":\"2023-11-23T12:51:51+00:00\",\"dateModified\":\"2025-12-09T06:10:24+00:00\",\"breadcrumb\":{\"@id\":\"https:\/\/avgs-gutschein.de\/en\/who-we-are\/#breadcrumb\"},\"inLanguage\":\"en-US\",\"potentialAction\":[{\"@type\":\"ReadAction\",\"target\":[\"https:\/\/avgs-gutschein.de\/en\/who-we-are\/\"]}]},{\"@type\":\"BreadcrumbList\",\"@id\":\"https:\/\/avgs-gutschein.de\/en\/who-we-are\/#breadcrumb\",\"itemListElement\":[{\"@type\":\"ListItem\",\"position\":1,\"name\":\"Startseite\",\"item\":\"https:\/\/avgs-gutschein.de\/en\/\"},{\"@type\":\"ListItem\",\"position\":2,\"name\":\"Who we are\"}]},{\"@type\":\"WebSite\",\"@id\":\"https:\/\/avgs-gutschein.de\/en\/#website\",\"url\":\"https:\/\/avgs-gutschein.de\/en\/\",\"name\":\"AVGS Gutschein\",\"description\":\"\",\"potentialAction\":[{\"@type\":\"SearchAction\",\"target\":{\"@type\":\"EntryPoint\",\"urlTemplate\":\"https:\/\/avgs-gutschein.de\/en\/?s={search_term_string}\"},\"query-input\":{\"@type\":\"PropertyValueSpecification\",\"valueRequired\":true,\"valueName\":\"search_term_string\"}}],\"inLanguage\":\"en-US\"}]}<\/script>\n<!-- \/ Yoast SEO plugin. -->","yoast_head_json":{"title":"Who we are - AVGS Gutschein","robots":{"index":"index","follow":"follow","max-snippet":"max-snippet:-1","max-image-preview":"max-image-preview:large","max-video-preview":"max-video-preview:-1"},"canonical":"https:\/\/avgs-gutschein.de\/en\/who-we-are\/","og_locale":"en_US","og_type":"article","og_title":"Who we are - AVGS Gutschein","og_description":"Who we areYour AVGS partner for job coaching and start-up consultingThe consulting company M. Willkomm mbH specializes in accompanying and advising people during career change processes or on the way to self-employment. With our team of more than 80 experienced coaches, we have been represented in numerous offices throughout Germany for many years. Online coaching [&hellip;]","og_url":"https:\/\/avgs-gutschein.de\/en\/who-we-are\/","og_site_name":"AVGS Gutschein","article_modified_time":"2025-12-09T06:10:24+00:00","twitter_card":"summary_large_image","twitter_misc":{"Est. reading time":"1 minute"},"schema":{"@context":"https:\/\/schema.org","@graph":[{"@type":"WebPage","@id":"https:\/\/avgs-gutschein.de\/en\/who-we-are\/","url":"https:\/\/avgs-gutschein.de\/en\/who-we-are\/","name":"Who we are - AVGS Gutschein","isPartOf":{"@id":"https:\/\/avgs-gutschein.de\/en\/#website"},"datePublished":"2023-11-23T12:51:51+00:00","dateModified":"2025-12-09T06:10:24+00:00","breadcrumb":{"@id":"https:\/\/avgs-gutschein.de\/en\/who-we-are\/#breadcrumb"},"inLanguage":"en-US","potentialAction":[{"@type":"ReadAction","target":["https:\/\/avgs-gutschein.de\/en\/who-we-are\/"]}]},{"@type":"BreadcrumbList","@id":"https:\/\/avgs-gutschein.de\/en\/who-we-are\/#breadcrumb","itemListElement":[{"@type":"ListItem","position":1,"name":"Startseite","item":"https:\/\/avgs-gutschein.de\/en\/"},{"@type":"ListItem","position":2,"name":"Who we are"}]},{"@type":"WebSite","@id":"https:\/\/avgs-gutschein.de\/en\/#website","url":"https:\/\/avgs-gutschein.de\/en\/","name":"AVGS Gutschein","description":"","potentialAction":[{"@type":"SearchAction","target":{"@type":"EntryPoint","urlTemplate":"https:\/\/avgs-gutschein.de\/en\/?s={search_term_string}"},"query-input":{"@type":"PropertyValueSpecification","valueRequired":true,"valueName":"search_term_string"}}],"inLanguage":"en-US"}]}},"_links":{"self":[{"href":"https:\/\/avgs-gutschein.de\/en\/wp-json\/wp\/v2\/pages\/4657","targetHints":{"allow":["GET"]}}],"collection":[{"href":"https:\/\/avgs-gutschein.de\/en\/wp-json\/wp\/v2\/pages"}],"about":[{"href":"https:\/\/avgs-gutschein.de\/en\/wp-json\/wp\/v2\/types\/page"}],"author":[{"embeddable":true,"href":"https:\/\/avgs-gutschein.de\/en\/wp-json\/wp\/v2\/users\/1"}],"replies":[{"embeddable":true,"href":"https:\/\/avgs-gutschein.de\/en\/wp-json\/wp\/v2\/comments?post=4657"}],"version-history":[{"count":7,"href":"https:\/\/avgs-gutschein.de\/en\/wp-json\/wp\/v2\/pages\/4657\/revisions"}],"predecessor-version":[{"id":12521,"href":"https:\/\/avgs-gutschein.de\/en\/wp-json\/wp\/v2\/pages\/4657\/revisions\/12521"}],"wp:attachment":[{"href":"https:\/\/avgs-gutschein.de\/en\/wp-json\/wp\/v2\/media?parent=4657"}],"curies":[{"name":"wp","href":"https:\/\/api.w.org\/{rel}","templated":true}]}}